{"id":3132,"date":"2024-10-30T23:05:44","date_gmt":"2024-10-30T23:05:44","guid":{"rendered":"https:\/\/sorteioseamostrasgratis.com.br\/?page_id=3132"},"modified":"2025-03-14T19:20:04","modified_gmt":"2025-03-14T19:20:04","slug":"about","status":"publish","type":"page","link":"https:\/\/sorteioseamostrasgratis.com.br\/ru\/about\/","title":{"rendered":"\u041a\u0442\u043e \u043c\u044b \u0442\u0430\u043a\u0438\u0435"},"content":{"rendered":"<div class=\"mx-5 sm:mx-0 prose leading-relaxed text-lg mb-5 text-left wp-paragraph\">\n<p>\u0422\u0415 <em>\u0420\u043e\u0437\u044b\u0433\u0440\u044b\u0448\u0438 \u043f\u0440\u0438\u0437\u043e\u0432 \u0438 \u0431\u0435\u0441\u043f\u043b\u0430\u0442\u043d\u044b\u0435 \u043e\u0431\u0440\u0430\u0437\u0446\u044b<\/em> \u042d\u0442\u043e \u043f\u043e\u0440\u0442\u0430\u043b \u0434\u043b\u044f \u0442\u0435\u0445, \u043a\u0442\u043e \u043b\u044e\u0431\u0438\u0442 \u043e\u0442\u043a\u0440\u044b\u0432\u0430\u0442\u044c \u0434\u043b\u044f \u0441\u0435\u0431\u044f \u043d\u043e\u0432\u044b\u0435 \u0432\u043e\u0437\u043c\u043e\u0436\u043d\u043e\u0441\u0442\u0438, \u043d\u0435 \u0442\u0440\u0430\u0442\u044f \u0434\u0435\u043d\u0435\u0433. \u041c\u044b \u2014 \u043a\u043e\u043c\u0430\u043d\u0434\u0430, \u0443\u0432\u043b\u0435\u0447\u0435\u043d\u043d\u0430\u044f \u043f\u043e\u0438\u0441\u043a\u043e\u043c \u043b\u0443\u0447\u0448\u0438\u0445 \u0441\u043e\u0432\u0435\u0442\u043e\u0432 \u043f\u043e \u0431\u0435\u0441\u043f\u043b\u0430\u0442\u043d\u044b\u043c \u043f\u0440\u043e\u0434\u0443\u043a\u0442\u0430\u043c, \u043f\u0440\u0438\u043b\u043e\u0436\u0435\u043d\u0438\u044f\u043c, \u0440\u043e\u0437\u044b\u0433\u0440\u044b\u0448\u0430\u043c \u0438 \u043a\u0430\u0447\u0435\u0441\u0442\u0432\u0435\u043d\u043d\u044b\u043c \u0430\u043a\u0446\u0438\u044f\u043c, \u0447\u0442\u043e\u0431\u044b \u0432\u044b \u043c\u043e\u0433\u043b\u0438 \u043e\u0442\u043a\u0440\u044b\u0432\u0430\u0442\u044c \u0434\u043b\u044f \u0441\u0435\u0431\u044f \u0447\u0442\u043e-\u0442\u043e \u043d\u043e\u0432\u043e\u0435 \u043f\u0440\u0430\u043a\u0442\u0438\u0447\u043d\u044b\u043c \u0438 \u0434\u043e\u0441\u0442\u0443\u043f\u043d\u044b\u043c \u0441\u043f\u043e\u0441\u043e\u0431\u043e\u043c. \u041c\u044b \u043e\u0440\u0438\u0435\u043d\u0442\u0438\u0440\u0443\u0435\u043c\u0441\u044f \u043d\u0430 \u043d\u0430\u0434\u0435\u0436\u043d\u044b\u0439 \u043a\u043e\u043d\u0442\u0435\u043d\u0442, \u0447\u0442\u043e\u0431\u044b \u0432\u044b \u0432\u0441\u0435\u0433\u0434\u0430 \u0431\u044b\u043b\u0438 \u0432 \u043a\u0443\u0440\u0441\u0435 \u0441\u0430\u043c\u044b\u0445 \u0438\u043d\u0442\u0435\u0440\u0435\u0441\u043d\u044b\u0445 \u043f\u0440\u0435\u0434\u043b\u043e\u0436\u0435\u043d\u0438\u0439 \u043c\u043e\u043c\u0435\u043d\u0442\u0430.<\/p>\n<\/div><!--advertisement--><div class=\"mx-5 sm:mx-0 sm:text-3xl text-2xl font-medium title-font mb-4 text-gray-900 text-left\">\n<h3 class=\"wp-block-heading\">\u0427\u0442\u043e \u043c\u044b \u043f\u0440\u0435\u0434\u043b\u0430\u0433\u0430\u0435\u043c<\/h3>\n<\/div><div class=\"mx-5 sm:mx-0 prose leading-relaxed text-lg mb-5 text-left wp-paragraph\">\n<p>\u041d\u0430\u0448\u0430 \u0437\u0430\u0434\u0430\u0447\u0430 \u043f\u0440\u043e\u0441\u0442\u0430: \u0438\u043d\u0444\u043e\u0440\u043c\u0438\u0440\u043e\u0432\u0430\u0442\u044c \u0432\u0430\u0441 \u043e \u0442\u043e\u043c, \u0433\u0434\u0435 \u0438 \u043a\u0430\u043a \u043f\u043e\u043b\u0443\u0447\u0438\u0442\u044c \u0434\u043e\u0441\u0442\u0443\u043f \u043a \u0430\u043a\u0446\u0438\u044f\u043c, \u0440\u043e\u0437\u044b\u0433\u0440\u044b\u0448\u0430\u043c, \u043f\u0440\u0438\u043b\u043e\u0436\u0435\u043d\u0438\u044f\u043c \u0438 \u0431\u0435\u0441\u043f\u043b\u0430\u0442\u043d\u044b\u043c \u043e\u0431\u0440\u0430\u0437\u0446\u0430\u043c. \u0411\u043b\u0430\u0433\u043e\u0434\u0430\u0440\u044f \u0442\u0449\u0430\u0442\u0435\u043b\u044c\u043d\u043e \u043d\u0430\u043f\u0438\u0441\u0430\u043d\u043d\u044b\u043c \u0438 \u0430\u043a\u0442\u0443\u0430\u043b\u044c\u043d\u044b\u043c \u0441\u0442\u0430\u0442\u044c\u044f\u043c \u043c\u044b \u043f\u0440\u0435\u0434\u043b\u0430\u0433\u0430\u0435\u043c \u043f\u043e\u043b\u043d\u044b\u0439 \u043e\u0431\u0437\u043e\u0440 \u043e\u0441\u043d\u043e\u0432\u043d\u044b\u0445 \u0434\u043e\u0441\u0442\u0443\u043f\u043d\u044b\u0445 \u0432\u043e\u0437\u043c\u043e\u0436\u043d\u043e\u0441\u0442\u0435\u0439 \u2013 \u043e\u0442 \u043a\u0440\u0443\u043f\u043d\u044b\u0445 \u0440\u0435\u043b\u0438\u0437\u043e\u0432 \u043d\u0430 \u0440\u044b\u043d\u043a\u0435 \u0434\u043e \u043f\u043e\u0432\u0441\u0435\u0434\u043d\u0435\u0432\u043d\u044b\u0445 \u0430\u043a\u0446\u0438\u0439 \u043d\u0430 \u043f\u0440\u043e\u0434\u0443\u043a\u0446\u0438\u044e. \u0418\u0449\u0435\u0442\u0435 \u043b\u0438 \u0432\u044b \u043e\u0431\u0440\u0430\u0437\u0446\u044b \u043a\u043e\u0441\u043c\u0435\u0442\u0438\u043a\u0438, \u043d\u043e\u0432\u0438\u043d\u043a\u0438 \u043f\u0440\u043e\u0434\u0443\u043a\u0442\u043e\u0432 \u043f\u0438\u0442\u0430\u043d\u0438\u044f \u0438\u043b\u0438 \u0441\u043f\u0435\u0446\u0438\u0430\u043b\u044c\u043d\u044b\u0435 \u0441\u043a\u0438\u0434\u043a\u0438, \u0437\u0434\u0435\u0441\u044c \u0432\u044b \u043d\u0430\u0439\u0434\u0435\u0442\u0435 \u043a\u0430\u0447\u0435\u0441\u0442\u0432\u0435\u043d\u043d\u0443\u044e \u0438\u043d\u0444\u043e\u0440\u043c\u0430\u0446\u0438\u044e, \u043a\u043e\u0442\u043e\u0440\u0430\u044f \u0441\u0434\u0435\u043b\u0430\u0435\u0442 \u0432\u0430\u0448 \u043f\u043e\u0438\u0441\u043a \u0431\u043e\u043b\u0435\u0435 \u044d\u0444\u0444\u0435\u043a\u0442\u0438\u0432\u043d\u044b\u043c \u0438 \u043f\u0440\u0438\u044f\u0442\u043d\u044b\u043c.<\/p>\n<\/div><!--advertisement--><div class=\"mx-5 sm:mx-0 sm:text-3xl text-2xl font-medium title-font mb-4 text-gray-900 text-left\">\n<h3 class=\"wp-block-heading\">\u042e\u0440\u0438\u0434\u0438\u0447\u0435\u0441\u043a\u043e\u0435 \u0443\u0432\u0435\u0434\u043e\u043c\u043b\u0435\u043d\u0438\u0435<\/h3>\n<\/div><div class=\"mx-5 sm:mx-0 prose leading-relaxed text-lg mb-5 text-left wp-paragraph\">\n<p>\u0422\u0415 <em>\u0420\u043e\u0437\u044b\u0433\u0440\u044b\u0448\u0438 \u043f\u0440\u0438\u0437\u043e\u0432 \u0438 \u0431\u0435\u0441\u043f\u043b\u0430\u0442\u043d\u044b\u0435 \u043e\u0431\u0440\u0430\u0437\u0446\u044b<\/em> \u042d\u0442\u043e \u0438\u0441\u043a\u043b\u044e\u0447\u0438\u0442\u0435\u043b\u044c\u043d\u043e \u0438\u043d\u0444\u043e\u0440\u043c\u0430\u0446\u0438\u043e\u043d\u043d\u0430\u044f \u043f\u043b\u0430\u0442\u0444\u043e\u0440\u043c\u0430, \u043d\u0435 \u0438\u043c\u0435\u044e\u0449\u0430\u044f \u043d\u0438\u043a\u0430\u043a\u043e\u0433\u043e \u043e\u0442\u043d\u043e\u0448\u0435\u043d\u0438\u044f \u043a \u043f\u0440\u0435\u0434\u0441\u0442\u0430\u0432\u043b\u0435\u043d\u043d\u044b\u043c \u043a\u043e\u043c\u043f\u0430\u043d\u0438\u044f\u043c, \u043f\u0440\u043e\u0434\u0443\u043a\u0442\u0430\u043c \u0438\u043b\u0438 \u0443\u0441\u043b\u0443\u0433\u0430\u043c. \u041d\u0430\u0448\u0430 \u0446\u0435\u043b\u044c \u2014 \u0434\u0435\u043b\u0438\u0442\u044c\u0441\u044f \u043f\u043e\u043b\u0435\u0437\u043d\u044b\u043c \u0438 \u0434\u043e\u0441\u0442\u0443\u043f\u043d\u044b\u043c \u043a\u043e\u043d\u0442\u0435\u043d\u0442\u043e\u043c, \u043d\u043e \u0432\u044b \u043d\u0435\u0441\u0435\u0442\u0435 \u043e\u0442\u0432\u0435\u0442\u0441\u0442\u0432\u0435\u043d\u043d\u043e\u0441\u0442\u044c \u0437\u0430 \u043f\u0440\u043e\u0432\u0435\u0440\u043a\u0443 \u0432\u0441\u0435\u0445 \u0443\u0441\u043b\u043e\u0432\u0438\u0439 \u043d\u0435\u043f\u043e\u0441\u0440\u0435\u0434\u0441\u0442\u0432\u0435\u043d\u043d\u043e \u0443 \u043f\u043e\u0441\u0442\u0430\u0432\u0449\u0438\u043a\u043e\u0432 \u043f\u0435\u0440\u0435\u0434 \u0443\u0447\u0430\u0441\u0442\u0438\u0435\u043c. \u0412\u043e\u0441\u043f\u043e\u043b\u044c\u0437\u0443\u0439\u0442\u0435\u0441\u044c \u0441\u043e\u0432\u0435\u0442\u0430\u043c\u0438, \u0438\u0437\u0443\u0447\u0438\u0442\u0435 \u0432\u043e\u0437\u043c\u043e\u0436\u043d\u043e\u0441\u0442\u0438, \u043d\u043e \u0432\u0441\u0435\u0433\u0434\u0430 \u043f\u043e\u043c\u043d\u0438\u0442\u0435 \u043e \u043d\u0435\u043e\u0431\u0445\u043e\u0434\u0438\u043c\u043e\u0441\u0442\u0438 \u043e\u0431\u0440\u0430\u0449\u0430\u0442\u044c\u0441\u044f \u043a \u043e\u0444\u0438\u0446\u0438\u0430\u043b\u044c\u043d\u044b\u043c \u0438\u0441\u0442\u043e\u0447\u043d\u0438\u043a\u0430\u043c.<\/p>\n<\/div>","protected":false},"excerpt":{"rendered":"<p>O Sorteios e Amostras Gr\u00e1tis \u00e9 o portal para quem adora descobrir oportunidades sem gastar. Somos uma equipe apaixonada por ca\u00e7ar as melhores dicas de produtos gratuitos, aplicativos, sorteios e promo\u00e7\u00f5es de qualidade para que voc\u00ea possa experimentar novidades de maneira pr\u00e1tica e acess\u00edvel. Com uma abordagem focada em conte\u00fado confi\u00e1vel, queremos que voc\u00ea fique&hellip; <a class=\"more-link\" href=\"https:\/\/sorteioseamostrasgratis.com.br\/ru\/about\/\">\u041f\u0440\u043e\u0434\u043e\u043b\u0436\u0438\u0442\u044c \u0447\u0442\u0435\u043d\u0438\u0435 <span class=\"screen-reader-text\">\u041a\u0442\u043e \u043c\u044b \u0442\u0430\u043a\u0438\u0435<\/span><\/a><\/p>","protected":false},"author":3,"featured_media":0,"parent":0,"menu_order":0,"comment_status":"closed","ping_status":"closed","template":"","meta":{"footnotes":""},"yoast_head":"<!-- This site is optimized with the Yoast SEO plugin v23.3 - https:\/\/yoast.com\/wordpress\/plugins\/seo\/ -->\n<title>Quem Somos - Sorteios Amostras Gratis<\/title>\n<meta name=\"robots\" content=\"index, follow, max-snippet:-1, max-image-preview:large, max-video-preview:-1\" \/>\n<link rel=\"canonical\" href=\"https:\/\/sorteioseamostrasgratis.com.br\/ru\/about\/\" \/>\n<meta property=\"og:locale\" content=\"ru_RU\" \/>\n<meta property=\"og:type\" content=\"article\" \/>\n<meta property=\"og:title\" content=\"Quem Somos - Sorteios Amostras Gratis\" \/>\n<meta property=\"og:description\" content=\"O Sorteios e Amostras Gr\u00e1tis \u00e9 o portal para quem adora descobrir oportunidades sem gastar. Somos uma equipe apaixonada por ca\u00e7ar as melhores dicas de produtos gratuitos, aplicativos, sorteios e promo\u00e7\u00f5es de qualidade para que voc\u00ea possa experimentar novidades de maneira pr\u00e1tica e acess\u00edvel. Com uma abordagem focada em conte\u00fado confi\u00e1vel, queremos que voc\u00ea fique&hellip; Continue reading Quem Somos\" \/>\n<meta property=\"og:url\" content=\"https:\/\/sorteioseamostrasgratis.com.br\/ru\/about\/\" \/>\n<meta property=\"og:site_name\" content=\"Sorteios Amostras Gratis\" \/>\n<meta property=\"article:modified_time\" content=\"2025-03-14T19:20:04+00:00\" \/>\n<meta name=\"twitter:card\" content=\"summary_large_image\" \/>\n<meta name=\"twitter:label1\" content=\"Est. reading time\" \/>\n\t<meta name=\"twitter:data1\" content=\"2 \u043c\u0438\u043d\u0443\u0442\u044b\" \/>\n<script type=\"application\/ld+json\" class=\"yoast-schema-graph\">{\"@context\":\"https:\/\/schema.org\",\"@graph\":[{\"@type\":\"WebPage\",\"@id\":\"https:\/\/sorteioseamostrasgratis.com.br\/about\/\",\"url\":\"https:\/\/sorteioseamostrasgratis.com.br\/about\/\",\"name\":\"Quem Somos - Sorteios Amostras Gratis\",\"isPartOf\":{\"@id\":\"https:\/\/sorteioseamostrasgratis.com.br\/#website\"},\"datePublished\":\"2024-10-30T23:05:44+00:00\",\"dateModified\":\"2025-03-14T19:20:04+00:00\",\"breadcrumb\":{\"@id\":\"https:\/\/sorteioseamostrasgratis.com.br\/about\/#breadcrumb\"},\"inLanguage\":\"ru-RU\",\"potentialAction\":[{\"@type\":\"ReadAction\",\"target\":[\"https:\/\/sorteioseamostrasgratis.com.br\/about\/\"]}]},{\"@type\":\"BreadcrumbList\",\"@id\":\"https:\/\/sorteioseamostrasgratis.com.br\/about\/#breadcrumb\",\"itemListElement\":[{\"@type\":\"ListItem\",\"position\":1,\"name\":\"Home\",\"item\":\"https:\/\/sorteioseamostrasgratis.com.br\/\"},{\"@type\":\"ListItem\",\"position\":2,\"name\":\"Quem Somos\"}]},{\"@type\":\"WebSite\",\"@id\":\"https:\/\/sorteioseamostrasgratis.com.br\/#website\",\"url\":\"https:\/\/sorteioseamostrasgratis.com.br\/\",\"name\":\"Sorteios Amostras Gratis\",\"description\":\"\",\"potentialAction\":[{\"@type\":\"SearchAction\",\"target\":{\"@type\":\"EntryPoint\",\"urlTemplate\":\"https:\/\/sorteioseamostrasgratis.com.br\/?s={search_term_string}\"},\"query-input\":\"required name=search_term_string\"}],\"inLanguage\":\"ru-RU\"}]}<\/script>\n<!-- \/ Yoast SEO plugin. -->","yoast_head_json":{"title":"Quem Somos - Sorteios Amostras Gratis","robots":{"index":"index","follow":"follow","max-snippet":"max-snippet:-1","max-image-preview":"max-image-preview:large","max-video-preview":"max-video-preview:-1"},"canonical":"https:\/\/sorteioseamostrasgratis.com.br\/ru\/about\/","og_locale":"ru_RU","og_type":"article","og_title":"Quem Somos - Sorteios Amostras Gratis","og_description":"O Sorteios e Amostras Gr\u00e1tis \u00e9 o portal para quem adora descobrir oportunidades sem gastar. Somos uma equipe apaixonada por ca\u00e7ar as melhores dicas de produtos gratuitos, aplicativos, sorteios e promo\u00e7\u00f5es de qualidade para que voc\u00ea possa experimentar novidades de maneira pr\u00e1tica e acess\u00edvel. Com uma abordagem focada em conte\u00fado confi\u00e1vel, queremos que voc\u00ea fique&hellip; Continue reading Quem Somos","og_url":"https:\/\/sorteioseamostrasgratis.com.br\/ru\/about\/","og_site_name":"Sorteios Amostras Gratis","article_modified_time":"2025-03-14T19:20:04+00:00","twitter_card":"summary_large_image","twitter_misc":{"Est. reading time":"2 \u043c\u0438\u043d\u0443\u0442\u044b"},"schema":{"@context":"https:\/\/schema.org","@graph":[{"@type":"WebPage","@id":"https:\/\/sorteioseamostrasgratis.com.br\/about\/","url":"https:\/\/sorteioseamostrasgratis.com.br\/about\/","name":"Quem Somos - Sorteios Amostras Gratis","isPartOf":{"@id":"https:\/\/sorteioseamostrasgratis.com.br\/#website"},"datePublished":"2024-10-30T23:05:44+00:00","dateModified":"2025-03-14T19:20:04+00:00","breadcrumb":{"@id":"https:\/\/sorteioseamostrasgratis.com.br\/about\/#breadcrumb"},"inLanguage":"ru-RU","potentialAction":[{"@type":"ReadAction","target":["https:\/\/sorteioseamostrasgratis.com.br\/about\/"]}]},{"@type":"BreadcrumbList","@id":"https:\/\/sorteioseamostrasgratis.com.br\/about\/#breadcrumb","itemListElement":[{"@type":"ListItem","position":1,"name":"Home","item":"https:\/\/sorteioseamostrasgratis.com.br\/"},{"@type":"ListItem","position":2,"name":"Quem Somos"}]},{"@type":"WebSite","@id":"https:\/\/sorteioseamostrasgratis.com.br\/#website","url":"https:\/\/sorteioseamostrasgratis.com.br\/","name":"Sorteios Amostras Gratis","description":"","potentialAction":[{"@type":"SearchAction","target":{"@type":"EntryPoint","urlTemplate":"https:\/\/sorteioseamostrasgratis.com.br\/?s={search_term_string}"},"query-input":"required name=search_term_string"}],"inLanguage":"ru-RU"}]}},"_links":{"self":[{"href":"https:\/\/sorteioseamostrasgratis.com.br\/ru\/wp-json\/wp\/v2\/pages\/3132"}],"collection":[{"href":"https:\/\/sorteioseamostrasgratis.com.br\/ru\/wp-json\/wp\/v2\/pages"}],"about":[{"href":"https:\/\/sorteioseamostrasgratis.com.br\/ru\/wp-json\/wp\/v2\/types\/page"}],"author":[{"embeddable":true,"href":"https:\/\/sorteioseamostrasgratis.com.br\/ru\/wp-json\/wp\/v2\/users\/3"}],"replies":[{"embeddable":true,"href":"https:\/\/sorteioseamostrasgratis.com.br\/ru\/wp-json\/wp\/v2\/comments?post=3132"}],"version-history":[{"count":2,"href":"https:\/\/sorteioseamostrasgratis.com.br\/ru\/wp-json\/wp\/v2\/pages\/3132\/revisions"}],"predecessor-version":[{"id":3637,"href":"https:\/\/sorteioseamostrasgratis.com.br\/ru\/wp-json\/wp\/v2\/pages\/3132\/revisions\/3637"}],"wp:attachment":[{"href":"https:\/\/sorteioseamostrasgratis.com.br\/ru\/wp-json\/wp\/v2\/media?parent=3132"}],"curies":[{"name":"wp","href":"https:\/\/api.w.org\/{rel}","templated":true}]}}