{"id":3132,"date":"2024-10-30T23:05:44","date_gmt":"2024-10-30T23:05:44","guid":{"rendered":"https:\/\/sorteioseamostrasgratis.com.br\/?page_id=3132"},"modified":"2025-03-14T19:20:04","modified_gmt":"2025-03-14T19:20:04","slug":"about","status":"publish","type":"page","link":"https:\/\/sorteioseamostrasgratis.com.br\/ja\/about\/","title":{"rendered":"\u79c1\u305f\u3061\u306b\u3064\u3044\u3066"},"content":{"rendered":"<div class=\"mx-5 sm:mx-0 prose leading-relaxed text-lg mb-5 text-left wp-paragraph\">\n<p>\u30b6 <em>\u30d7\u30ec\u30bc\u30f3\u30c8\u3068\u7121\u6599\u30b5\u30f3\u30d7\u30eb<\/em> \u306f\u3001\u5927\u91d1\u3092\u8cbb\u3084\u3059\u3053\u3068\u306a\u304f\u30c1\u30e3\u30f3\u30b9\u3092\u63b4\u307f\u305f\u3044\u65b9\u306e\u305f\u3081\u306e\u30dd\u30fc\u30bf\u30eb\u3067\u3059\u3002\u79c1\u305f\u3061\u306e\u30c1\u30fc\u30e0\u306f\u3001\u7121\u6599\u5546\u54c1\u3001\u30a2\u30d7\u30ea\u3001\u666f\u54c1\u3001\u8cea\u306e\u9ad8\u3044\u30d7\u30ed\u30e2\u30fc\u30b7\u30e7\u30f3\u306b\u95a2\u3059\u308b\u6700\u9069\u306a\u30d2\u30f3\u30c8\u3092\u898b\u3064\u3051\u308b\u3053\u3068\u306b\u60c5\u71b1\u3092\u6ce8\u3044\u3067\u304a\u308a\u3001\u5b9f\u7528\u7684\u304b\u3064\u624b\u9803\u306a\u4fa1\u683c\u3067\u65b0\u3057\u3044\u3082\u306e\u3092\u8a66\u3057\u3066\u3044\u305f\u3060\u3051\u308b\u3088\u3046\u52aa\u3081\u3066\u3044\u307e\u3059\u3002\u4fe1\u983c\u3067\u304d\u308b\u30b3\u30f3\u30c6\u30f3\u30c4\u306b\u91cd\u70b9\u3092\u7f6e\u304d\u3001\u4eca\u6700\u3082\u8208\u5473\u6df1\u3044\u30aa\u30d5\u30a1\u30fc\u3092\u5e38\u306b\u6700\u65b0\u306e\u72b6\u614b\u3067\u304a\u5c4a\u3051\u3057\u305f\u3044\u3068\u8003\u3048\u3066\u3044\u307e\u3059\u3002<\/p>\n<\/div><!--advertisement--><div class=\"mx-5 sm:mx-0 sm:text-3xl text-2xl font-medium title-font mb-4 text-gray-900 text-left\">\n<h3 class=\"wp-block-heading\">\u79c1\u305f\u3061\u304c\u63d0\u4f9b\u3059\u308b\u3082\u306e<\/h3>\n<\/div><div class=\"mx-5 sm:mx-0 prose leading-relaxed text-lg mb-5 text-left wp-paragraph\">\n<p>\u79c1\u305f\u3061\u306e\u4ed5\u4e8b\u306f\u30b7\u30f3\u30d7\u30eb\u3067\u3059\u3002\u30d7\u30ed\u30e2\u30fc\u30b7\u30e7\u30f3\u3001\u61f8\u8cde\u3001\u30a2\u30d7\u30ea\u3001\u7121\u6599\u30b5\u30f3\u30d7\u30eb\u3078\u306e\u30a2\u30af\u30bb\u30b9\u65b9\u6cd5\u3068\u5834\u6240\u3092\u3054\u6848\u5185\u3059\u308b\u3053\u3068\u3067\u3059\u3002\u4e01\u5be7\u306b\u57f7\u7b46\u30fb\u66f4\u65b0\u3055\u308c\u305f\u8a18\u4e8b\u3092\u901a\u3058\u3066\u3001\u4e3b\u8981\u306a\u65b0\u88fd\u54c1\u304b\u3089\u65e5\u7528\u54c1\u306e\u30d7\u30ed\u30e2\u30fc\u30b7\u30e7\u30f3\u307e\u3067\u3001\u5229\u7528\u53ef\u80fd\u306a\u4e3b\u8981\u306a\u6a5f\u4f1a\u3092\u5305\u62ec\u7684\u306b\u3054\u7d39\u4ecb\u3057\u307e\u3059\u3002\u7f8e\u5bb9\u30b5\u30f3\u30d7\u30eb\u3001\u98df\u54c1\u306e\u65b0\u88fd\u54c1\u3001\u7279\u5225\u5272\u5f15\u306a\u3069\u3001\u304a\u63a2\u3057\u306e\u3082\u306e\u304c\u4f55\u3067\u3042\u308c\u3001\u8cea\u306e\u9ad8\u3044\u60c5\u5831\u304c\u898b\u3064\u304b\u308a\u3001\u691c\u7d22\u304c\u3088\u308a\u52b9\u7387\u7684\u304b\u3064\u697d\u3057\u304f\u306a\u308a\u307e\u3059\u3002<\/p>\n<\/div><!--advertisement--><div class=\"mx-5 sm:mx-0 sm:text-3xl text-2xl font-medium title-font mb-4 text-gray-900 text-left\">\n<h3 class=\"wp-block-heading\">\u6cd5\u7684\u901a\u77e5<\/h3>\n<\/div><div class=\"mx-5 sm:mx-0 prose leading-relaxed text-lg mb-5 text-left wp-paragraph\">\n<p>\u30b6 <em>\u30d7\u30ec\u30bc\u30f3\u30c8\u3068\u7121\u6599\u30b5\u30f3\u30d7\u30eb<\/em> \u3053\u308c\u306f\u60c5\u5831\u30d7\u30e9\u30c3\u30c8\u30d5\u30a9\u30fc\u30e0\u3067\u3042\u308a\u3001\u7d39\u4ecb\u3055\u308c\u3066\u3044\u308b\u4f01\u696d\u3001\u88fd\u54c1\u3001\u30b5\u30fc\u30d3\u30b9\u3068\u306f\u4e00\u5207\u95a2\u4fc2\u3042\u308a\u307e\u305b\u3093\u3002\u6709\u7528\u3067\u30a2\u30af\u30bb\u30b9\u3057\u3084\u3059\u3044\u30b3\u30f3\u30c6\u30f3\u30c4\u3092\u5171\u6709\u3059\u308b\u3053\u3068\u3092\u76ee\u6307\u3057\u3066\u3044\u307e\u3059\u304c\u3001\u53c2\u52a0\u524d\u306b\u63d0\u4f9b\u8005\u306b\u76f4\u63a5\u5229\u7528\u898f\u7d04\u3092\u3054\u78ba\u8a8d\u304f\u3060\u3055\u3044\u3002\u30d2\u30f3\u30c8\u3092\u6d3b\u7528\u3057\u3066\u6a5f\u4f1a\u3092\u6a21\u7d22\u3057\u3066\u304f\u3060\u3055\u3044\u3002\u305f\u3060\u3057\u3001\u5fc5\u305a\u516c\u5f0f\u306e\u60c5\u5831\u6e90\u3092\u3054\u78ba\u8a8d\u304f\u3060\u3055\u3044\u3002<\/p>\n<\/div>","protected":false},"excerpt":{"rendered":"<p>\u30d7\u30ec\u30bc\u30f3\u30c8\uff06\u7121\u6599\u30b5\u30f3\u30d7\u30eb\u30dd\u30fc\u30bf\u30eb\u306f\u3001\u304a\u91d1\u3092\u304b\u3051\u305a\u306b\u30c1\u30e3\u30f3\u30b9\u3092\u63b4\u307f\u305f\u3044\u65b9\u306e\u305f\u3081\u306e\u3082\u306e\u3067\u3059\u3002\u79c1\u305f\u3061\u306f\u3001\u7121\u6599\u88fd\u54c1\u3001\u30a2\u30d7\u30ea\u3001\u30d7\u30ec\u30bc\u30f3\u30c8\u3001\u8cea\u306e\u9ad8\u3044\u30d7\u30ed\u30e2\u30fc\u30b7\u30e7\u30f3\u306b\u95a2\u3059\u308b\u6700\u9ad8\u306e\u30d2\u30f3\u30c8\u3092\u63a2\u3057\u51fa\u3059\u3053\u3068\u306b\u60c5\u71b1\u3092\u6ce8\u3044\u3067\u3044\u307e\u3059\u3002\u7686\u69d8\u304c\u5b9f\u7528\u7684\u304b\u3064\u624b\u8efd\u306b\u65b0\u3057\u3044\u4f53\u9a13\u3092\u3067\u304d\u308b\u3088\u3046\u304a\u624b\u4f1d\u3044\u3057\u307e\u3059\u3002\u4fe1\u983c\u6027\u306e\u9ad8\u3044\u30b3\u30f3\u30c6\u30f3\u30c4\u306b\u91cd\u70b9\u3092\u7f6e\u304d\u3001\u5e38\u306b\u6700\u65b0\u306e\u60c5\u5831\u3067\u6700\u65b0\u306e\u60c5\u5831\u3092\u304a\u5c4a\u3051\u3057\u305f\u3044\u3068\u8003\u3048\u3066\u3044\u307e\u3059\u3002\u79c1\u305f\u3061\u306e\u30b5\u30fc\u30d3\u30b9\u5185\u5bb9\uff1a\u79c1\u305f\u3061\u306e\u4ed5\u4e8b\u306f\u30b7\u30f3\u30d7\u30eb\u3067\u3059\u3002\u30d7\u30ed\u30e2\u30fc\u30b7\u30e7\u30f3\u3001\u30d7\u30ec\u30bc\u30f3\u30c8\u3001\u30a2\u30d7\u30ea\u3001\u7121\u6599\u30b5\u30f3\u30d7\u30eb\u3078\u306e\u30a2\u30af\u30bb\u30b9\u65b9\u6cd5\u3068\u5834\u6240\u3092\u3054\u6848\u5185\u3059\u308b\u3053\u3068\u3067\u3059\u3002\u4e01\u5be7\u306b\u57f7\u7b46\u30fb\u66f4\u65b0\u3055\u308c\u305f\u8a18\u4e8b\u3092\u901a\u3058\u3066\u3001\u4e3b\u8981\u306a\u5e02\u5834\u6295\u5165\u304b\u3089\u65e5\u66ff\u308f\u308a\u306e\u88fd\u54c1\u30d7\u30ed\u30e2\u30fc\u30b7\u30e7\u30f3\u307e\u3067\u3001\u5229\u7528\u53ef\u80fd\u306a\u4e3b\u8981\u306a\u30c1\u30e3\u30f3\u30b9\u306e\u5305\u62ec\u7684\u306a\u6982\u8981\u3092\u63d0\u4f9b\u3057\u307e\u3059\u3002 <a class=\"more-link\" href=\"https:\/\/sorteioseamostrasgratis.com.br\/ja\/about\/\">\u7d9a\u304d\u3092\u8aad\u3080 <span class=\"screen-reader-text\">\u79c1\u305f\u3061\u306b\u3064\u3044\u3066<\/span><\/a><\/p>","protected":false},"author":3,"featured_media":0,"parent":0,"menu_order":0,"comment_status":"closed","ping_status":"closed","template":"","meta":{"footnotes":""},"yoast_head":"<!-- This site is optimized with the Yoast SEO plugin v23.3 - https:\/\/yoast.com\/wordpress\/plugins\/seo\/ -->\n<title>Quem Somos - Sorteios Amostras Gratis<\/title>\n<meta name=\"robots\" content=\"index, follow, max-snippet:-1, max-image-preview:large, max-video-preview:-1\" \/>\n<link rel=\"canonical\" href=\"https:\/\/sorteioseamostrasgratis.com.br\/ja\/about\/\" \/>\n<meta property=\"og:locale\" content=\"ja_JP\" \/>\n<meta property=\"og:type\" content=\"article\" \/>\n<meta property=\"og:title\" content=\"Quem Somos - Sorteios Amostras Gratis\" \/>\n<meta property=\"og:description\" content=\"O Sorteios e Amostras Gr\u00e1tis \u00e9 o portal para quem adora descobrir oportunidades sem gastar. Somos uma equipe apaixonada por ca\u00e7ar as melhores dicas de produtos gratuitos, aplicativos, sorteios e promo\u00e7\u00f5es de qualidade para que voc\u00ea possa experimentar novidades de maneira pr\u00e1tica e acess\u00edvel. Com uma abordagem focada em conte\u00fado confi\u00e1vel, queremos que voc\u00ea fique sempre por dentro das ofertas mais interessantes do momento. O Que Oferecemos Nosso trabalho \u00e9 simples: inform\u00e1-lo sobre onde e como acessar promo\u00e7\u00f5es, sorteios, aplicativos e amostras gr\u00e1tis. Atrav\u00e9s de artigos cuidadosamente escritos e atualizados, oferecemos um panorama completo das principais oportunidades dispon\u00edveis \u2013 desde grandes lan\u00e7amentos no mercado at\u00e9 promo\u00e7\u00f5es de produtos do dia&hellip; Continue reading Quem Somos\" \/>\n<meta property=\"og:url\" content=\"https:\/\/sorteioseamostrasgratis.com.br\/ja\/about\/\" \/>\n<meta property=\"og:site_name\" content=\"Sorteios Amostras Gratis\" \/>\n<meta property=\"article:modified_time\" content=\"2025-03-14T19:20:04+00:00\" \/>\n<meta name=\"twitter:card\" content=\"summary_large_image\" \/>\n<meta name=\"twitter:label1\" content=\"Est. reading time\" \/>\n\t<meta name=\"twitter:data1\" content=\"2\u5206\" \/>\n<script type=\"application\/ld+json\" class=\"yoast-schema-graph\">{\"@context\":\"https:\/\/schema.org\",\"@graph\":[{\"@type\":\"WebPage\",\"@id\":\"https:\/\/sorteioseamostrasgratis.com.br\/about\/\",\"url\":\"https:\/\/sorteioseamostrasgratis.com.br\/about\/\",\"name\":\"Quem Somos - Sorteios Amostras Gratis\",\"isPartOf\":{\"@id\":\"https:\/\/sorteioseamostrasgratis.com.br\/#website\"},\"datePublished\":\"2024-10-30T23:05:44+00:00\",\"dateModified\":\"2025-03-14T19:20:04+00:00\",\"breadcrumb\":{\"@id\":\"https:\/\/sorteioseamostrasgratis.com.br\/about\/#breadcrumb\"},\"inLanguage\":\"ja\",\"potentialAction\":[{\"@type\":\"ReadAction\",\"target\":[\"https:\/\/sorteioseamostrasgratis.com.br\/about\/\"]}]},{\"@type\":\"BreadcrumbList\",\"@id\":\"https:\/\/sorteioseamostrasgratis.com.br\/about\/#breadcrumb\",\"itemListElement\":[{\"@type\":\"ListItem\",\"position\":1,\"name\":\"Home\",\"item\":\"https:\/\/sorteioseamostrasgratis.com.br\/\"},{\"@type\":\"ListItem\",\"position\":2,\"name\":\"Quem Somos\"}]},{\"@type\":\"WebSite\",\"@id\":\"https:\/\/sorteioseamostrasgratis.com.br\/#website\",\"url\":\"https:\/\/sorteioseamostrasgratis.com.br\/\",\"name\":\"Sorteios Amostras Gratis\",\"description\":\"\",\"potentialAction\":[{\"@type\":\"SearchAction\",\"target\":{\"@type\":\"EntryPoint\",\"urlTemplate\":\"https:\/\/sorteioseamostrasgratis.com.br\/?s={search_term_string}\"},\"query-input\":\"required name=search_term_string\"}],\"inLanguage\":\"ja\"}]}<\/script>\n<!-- \/ Yoast SEO plugin. -->","yoast_head_json":{"title":"Quem Somos - Sorteios Amostras Gratis","robots":{"index":"index","follow":"follow","max-snippet":"max-snippet:-1","max-image-preview":"max-image-preview:large","max-video-preview":"max-video-preview:-1"},"canonical":"https:\/\/sorteioseamostrasgratis.com.br\/ja\/about\/","og_locale":"ja_JP","og_type":"article","og_title":"Quem Somos - Sorteios Amostras Gratis","og_description":"O Sorteios e Amostras Gr\u00e1tis \u00e9 o portal para quem adora descobrir oportunidades sem gastar. Somos uma equipe apaixonada por ca\u00e7ar as melhores dicas de produtos gratuitos, aplicativos, sorteios e promo\u00e7\u00f5es de qualidade para que voc\u00ea possa experimentar novidades de maneira pr\u00e1tica e acess\u00edvel. Com uma abordagem focada em conte\u00fado confi\u00e1vel, queremos que voc\u00ea fique sempre por dentro das ofertas mais interessantes do momento. O Que Oferecemos Nosso trabalho \u00e9 simples: inform\u00e1-lo sobre onde e como acessar promo\u00e7\u00f5es, sorteios, aplicativos e amostras gr\u00e1tis. Atrav\u00e9s de artigos cuidadosamente escritos e atualizados, oferecemos um panorama completo das principais oportunidades dispon\u00edveis \u2013 desde grandes lan\u00e7amentos no mercado at\u00e9 promo\u00e7\u00f5es de produtos do dia&hellip; Continue reading Quem Somos","og_url":"https:\/\/sorteioseamostrasgratis.com.br\/ja\/about\/","og_site_name":"Sorteios Amostras Gratis","article_modified_time":"2025-03-14T19:20:04+00:00","twitter_card":"summary_large_image","twitter_misc":{"Est. reading time":"2\u5206"},"schema":{"@context":"https:\/\/schema.org","@graph":[{"@type":"WebPage","@id":"https:\/\/sorteioseamostrasgratis.com.br\/about\/","url":"https:\/\/sorteioseamostrasgratis.com.br\/about\/","name":"Quem Somos - Sorteios Amostras Gratis","isPartOf":{"@id":"https:\/\/sorteioseamostrasgratis.com.br\/#website"},"datePublished":"2024-10-30T23:05:44+00:00","dateModified":"2025-03-14T19:20:04+00:00","breadcrumb":{"@id":"https:\/\/sorteioseamostrasgratis.com.br\/about\/#breadcrumb"},"inLanguage":"ja","potentialAction":[{"@type":"ReadAction","target":["https:\/\/sorteioseamostrasgratis.com.br\/about\/"]}]},{"@type":"BreadcrumbList","@id":"https:\/\/sorteioseamostrasgratis.com.br\/about\/#breadcrumb","itemListElement":[{"@type":"ListItem","position":1,"name":"Home","item":"https:\/\/sorteioseamostrasgratis.com.br\/"},{"@type":"ListItem","position":2,"name":"Quem Somos"}]},{"@type":"WebSite","@id":"https:\/\/sorteioseamostrasgratis.com.br\/#website","url":"https:\/\/sorteioseamostrasgratis.com.br\/","name":"Sorteios Amostras Gratis","description":"","potentialAction":[{"@type":"SearchAction","target":{"@type":"EntryPoint","urlTemplate":"https:\/\/sorteioseamostrasgratis.com.br\/?s={search_term_string}"},"query-input":"required name=search_term_string"}],"inLanguage":"ja"}]}},"_links":{"self":[{"href":"https:\/\/sorteioseamostrasgratis.com.br\/ja\/wp-json\/wp\/v2\/pages\/3132"}],"collection":[{"href":"https:\/\/sorteioseamostrasgratis.com.br\/ja\/wp-json\/wp\/v2\/pages"}],"about":[{"href":"https:\/\/sorteioseamostrasgratis.com.br\/ja\/wp-json\/wp\/v2\/types\/page"}],"author":[{"embeddable":true,"href":"https:\/\/sorteioseamostrasgratis.com.br\/ja\/wp-json\/wp\/v2\/users\/3"}],"replies":[{"embeddable":true,"href":"https:\/\/sorteioseamostrasgratis.com.br\/ja\/wp-json\/wp\/v2\/comments?post=3132"}],"version-history":[{"count":2,"href":"https:\/\/sorteioseamostrasgratis.com.br\/ja\/wp-json\/wp\/v2\/pages\/3132\/revisions"}],"predecessor-version":[{"id":3637,"href":"https:\/\/sorteioseamostrasgratis.com.br\/ja\/wp-json\/wp\/v2\/pages\/3132\/revisions\/3637"}],"wp:attachment":[{"href":"https:\/\/sorteioseamostrasgratis.com.br\/ja\/wp-json\/wp\/v2\/media?parent=3132"}],"curies":[{"name":"wp","href":"https:\/\/api.w.org\/{rel}","templated":true}]}}