{"id":3132,"date":"2024-10-30T23:05:44","date_gmt":"2024-10-30T23:05:44","guid":{"rendered":"https:\/\/sorteioseamostrasgratis.com.br\/?page_id=3132"},"modified":"2025-03-14T19:20:04","modified_gmt":"2025-03-14T19:20:04","slug":"about","status":"publish","type":"page","link":"https:\/\/sorteioseamostrasgratis.com.br\/it\/about\/","title":{"rendered":"Chi siamo"},"content":{"rendered":"<div class=\"mx-5 sm:mx-0 prose leading-relaxed text-lg mb-5 text-left wp-paragraph\">\n<p>IL <em>Omaggi e campioni gratuiti<\/em> \u00e8 il portale per chi ama scoprire opportunit\u00e0 senza spendere. Siamo un team appassionato che ricerca i migliori consigli su prodotti gratuiti, app, omaggi e promozioni di qualit\u00e0, per permetterti di provare cose nuove in modo pratico e conveniente. Con un approccio incentrato su contenuti affidabili, vogliamo che tu sia sempre aggiornato sulle offerte pi\u00f9 interessanti del momento.<\/p>\n<\/div><!--advertisement--><div class=\"mx-5 sm:mx-0 sm:text-3xl text-2xl font-medium title-font mb-4 text-gray-900 text-left\">\n<h3 class=\"wp-block-heading\">Cosa offriamo<\/h3>\n<\/div><div class=\"mx-5 sm:mx-0 prose leading-relaxed text-lg mb-5 text-left wp-paragraph\">\n<p>Il nostro compito \u00e8 semplice: informarvi su dove e come accedere a promozioni, concorsi a premi, app e campioni gratuiti. Attraverso articoli scritti con cura e aggiornati, forniamo una panoramica completa delle principali opportunit\u00e0 disponibili, dai grandi lanci di mercato alle promozioni su prodotti di uso quotidiano. Che stiate cercando campioni omaggio di bellezza, lanci di prodotti alimentari o sconti speciali, qui troverete informazioni di qualit\u00e0 che renderanno la vostra ricerca pi\u00f9 efficiente e divertente.<\/p>\n<\/div><!--advertisement--><div class=\"mx-5 sm:mx-0 sm:text-3xl text-2xl font-medium title-font mb-4 text-gray-900 text-left\">\n<h3 class=\"wp-block-heading\">Avviso legale<\/h3>\n<\/div><div class=\"mx-5 sm:mx-0 prose leading-relaxed text-lg mb-5 text-left wp-paragraph\">\n<p>IL <em>Omaggi e campioni gratuiti<\/em> \u00e8 una piattaforma a solo scopo informativo, senza alcun collegamento con le aziende, i prodotti o i servizi presentati. Il nostro obiettivo \u00e8 condividere contenuti utili e accessibili, ma spetta a voi verificare tutte le condizioni direttamente con i fornitori prima di partecipare. Approfittate dei suggerimenti, esplorate le opportunit\u00e0, ma ricordate di consultare sempre le fonti ufficiali.<\/p>\n<\/div>","protected":false},"excerpt":{"rendered":"<p>Giveaways and Free Samples \u00e8 il portale per chi ama scoprire opportunit\u00e0 senza spendere una fortuna. Il nostro team \u00e8 appassionato nel trovare i migliori consigli per prodotti gratuiti, app, omaggi e promozioni di qualit\u00e0, cos\u00ec puoi provare cose nuove in modo pratico e conveniente. Con un approccio incentrato su contenuti affidabili, vogliamo che tu rimanga... <a class=\"more-link\" href=\"https:\/\/sorteioseamostrasgratis.com.br\/it\/about\/\">Continua a leggere <span class=\"screen-reader-text\">Chi siamo<\/span><\/a><\/p>","protected":false},"author":3,"featured_media":0,"parent":0,"menu_order":0,"comment_status":"closed","ping_status":"closed","template":"","meta":{"footnotes":""},"yoast_head":"<!-- This site is optimized with the Yoast SEO plugin v23.3 - https:\/\/yoast.com\/wordpress\/plugins\/seo\/ -->\n<title>Quem Somos - Sorteios Amostras Gratis<\/title>\n<meta name=\"robots\" content=\"index, follow, max-snippet:-1, max-image-preview:large, max-video-preview:-1\" \/>\n<link rel=\"canonical\" href=\"https:\/\/sorteioseamostrasgratis.com.br\/it\/about\/\" \/>\n<meta property=\"og:locale\" content=\"it_IT\" \/>\n<meta property=\"og:type\" content=\"article\" \/>\n<meta property=\"og:title\" content=\"Quem Somos - Sorteios Amostras Gratis\" \/>\n<meta property=\"og:description\" content=\"O Sorteios e Amostras Gr\u00e1tis \u00e9 o portal para quem adora descobrir oportunidades sem gastar. Somos uma equipe apaixonada por ca\u00e7ar as melhores dicas de produtos gratuitos, aplicativos, sorteios e promo\u00e7\u00f5es de qualidade para que voc\u00ea possa experimentar novidades de maneira pr\u00e1tica e acess\u00edvel. Com uma abordagem focada em conte\u00fado confi\u00e1vel, queremos que voc\u00ea fique&hellip; Continue reading Quem Somos\" \/>\n<meta property=\"og:url\" content=\"https:\/\/sorteioseamostrasgratis.com.br\/it\/about\/\" \/>\n<meta property=\"og:site_name\" content=\"Sorteios Amostras Gratis\" \/>\n<meta property=\"article:modified_time\" content=\"2025-03-14T19:20:04+00:00\" \/>\n<meta name=\"twitter:card\" content=\"summary_large_image\" \/>\n<meta name=\"twitter:label1\" content=\"Est. reading time\" \/>\n\t<meta name=\"twitter:data1\" content=\"2 minuti\" \/>\n<script type=\"application\/ld+json\" class=\"yoast-schema-graph\">{\"@context\":\"https:\/\/schema.org\",\"@graph\":[{\"@type\":\"WebPage\",\"@id\":\"https:\/\/sorteioseamostrasgratis.com.br\/about\/\",\"url\":\"https:\/\/sorteioseamostrasgratis.com.br\/about\/\",\"name\":\"Quem Somos - Sorteios Amostras Gratis\",\"isPartOf\":{\"@id\":\"https:\/\/sorteioseamostrasgratis.com.br\/#website\"},\"datePublished\":\"2024-10-30T23:05:44+00:00\",\"dateModified\":\"2025-03-14T19:20:04+00:00\",\"breadcrumb\":{\"@id\":\"https:\/\/sorteioseamostrasgratis.com.br\/about\/#breadcrumb\"},\"inLanguage\":\"it-IT\",\"potentialAction\":[{\"@type\":\"ReadAction\",\"target\":[\"https:\/\/sorteioseamostrasgratis.com.br\/about\/\"]}]},{\"@type\":\"BreadcrumbList\",\"@id\":\"https:\/\/sorteioseamostrasgratis.com.br\/about\/#breadcrumb\",\"itemListElement\":[{\"@type\":\"ListItem\",\"position\":1,\"name\":\"Home\",\"item\":\"https:\/\/sorteioseamostrasgratis.com.br\/\"},{\"@type\":\"ListItem\",\"position\":2,\"name\":\"Quem Somos\"}]},{\"@type\":\"WebSite\",\"@id\":\"https:\/\/sorteioseamostrasgratis.com.br\/#website\",\"url\":\"https:\/\/sorteioseamostrasgratis.com.br\/\",\"name\":\"Sorteios Amostras Gratis\",\"description\":\"\",\"potentialAction\":[{\"@type\":\"SearchAction\",\"target\":{\"@type\":\"EntryPoint\",\"urlTemplate\":\"https:\/\/sorteioseamostrasgratis.com.br\/?s={search_term_string}\"},\"query-input\":\"required name=search_term_string\"}],\"inLanguage\":\"it-IT\"}]}<\/script>\n<!-- \/ Yoast SEO plugin. -->","yoast_head_json":{"title":"Quem Somos - Sorteios Amostras Gratis","robots":{"index":"index","follow":"follow","max-snippet":"max-snippet:-1","max-image-preview":"max-image-preview:large","max-video-preview":"max-video-preview:-1"},"canonical":"https:\/\/sorteioseamostrasgratis.com.br\/it\/about\/","og_locale":"it_IT","og_type":"article","og_title":"Quem Somos - Sorteios Amostras Gratis","og_description":"O Sorteios e Amostras Gr\u00e1tis \u00e9 o portal para quem adora descobrir oportunidades sem gastar. Somos uma equipe apaixonada por ca\u00e7ar as melhores dicas de produtos gratuitos, aplicativos, sorteios e promo\u00e7\u00f5es de qualidade para que voc\u00ea possa experimentar novidades de maneira pr\u00e1tica e acess\u00edvel. Com uma abordagem focada em conte\u00fado confi\u00e1vel, queremos que voc\u00ea fique&hellip; Continue reading Quem Somos","og_url":"https:\/\/sorteioseamostrasgratis.com.br\/it\/about\/","og_site_name":"Sorteios Amostras Gratis","article_modified_time":"2025-03-14T19:20:04+00:00","twitter_card":"summary_large_image","twitter_misc":{"Est. reading time":"2 minuti"},"schema":{"@context":"https:\/\/schema.org","@graph":[{"@type":"WebPage","@id":"https:\/\/sorteioseamostrasgratis.com.br\/about\/","url":"https:\/\/sorteioseamostrasgratis.com.br\/about\/","name":"Quem Somos - Sorteios Amostras Gratis","isPartOf":{"@id":"https:\/\/sorteioseamostrasgratis.com.br\/#website"},"datePublished":"2024-10-30T23:05:44+00:00","dateModified":"2025-03-14T19:20:04+00:00","breadcrumb":{"@id":"https:\/\/sorteioseamostrasgratis.com.br\/about\/#breadcrumb"},"inLanguage":"it-IT","potentialAction":[{"@type":"ReadAction","target":["https:\/\/sorteioseamostrasgratis.com.br\/about\/"]}]},{"@type":"BreadcrumbList","@id":"https:\/\/sorteioseamostrasgratis.com.br\/about\/#breadcrumb","itemListElement":[{"@type":"ListItem","position":1,"name":"Home","item":"https:\/\/sorteioseamostrasgratis.com.br\/"},{"@type":"ListItem","position":2,"name":"Quem Somos"}]},{"@type":"WebSite","@id":"https:\/\/sorteioseamostrasgratis.com.br\/#website","url":"https:\/\/sorteioseamostrasgratis.com.br\/","name":"Sorteios Amostras Gratis","description":"","potentialAction":[{"@type":"SearchAction","target":{"@type":"EntryPoint","urlTemplate":"https:\/\/sorteioseamostrasgratis.com.br\/?s={search_term_string}"},"query-input":"required name=search_term_string"}],"inLanguage":"it-IT"}]}},"_links":{"self":[{"href":"https:\/\/sorteioseamostrasgratis.com.br\/it\/wp-json\/wp\/v2\/pages\/3132"}],"collection":[{"href":"https:\/\/sorteioseamostrasgratis.com.br\/it\/wp-json\/wp\/v2\/pages"}],"about":[{"href":"https:\/\/sorteioseamostrasgratis.com.br\/it\/wp-json\/wp\/v2\/types\/page"}],"author":[{"embeddable":true,"href":"https:\/\/sorteioseamostrasgratis.com.br\/it\/wp-json\/wp\/v2\/users\/3"}],"replies":[{"embeddable":true,"href":"https:\/\/sorteioseamostrasgratis.com.br\/it\/wp-json\/wp\/v2\/comments?post=3132"}],"version-history":[{"count":2,"href":"https:\/\/sorteioseamostrasgratis.com.br\/it\/wp-json\/wp\/v2\/pages\/3132\/revisions"}],"predecessor-version":[{"id":3637,"href":"https:\/\/sorteioseamostrasgratis.com.br\/it\/wp-json\/wp\/v2\/pages\/3132\/revisions\/3637"}],"wp:attachment":[{"href":"https:\/\/sorteioseamostrasgratis.com.br\/it\/wp-json\/wp\/v2\/media?parent=3132"}],"curies":[{"name":"wp","href":"https:\/\/api.w.org\/{rel}","templated":true}]}}