{"id":3132,"date":"2024-10-30T23:05:44","date_gmt":"2024-10-30T23:05:44","guid":{"rendered":"https:\/\/sorteioseamostrasgratis.com.br\/?page_id=3132"},"modified":"2025-03-14T19:20:04","modified_gmt":"2025-03-14T19:20:04","slug":"about","status":"publish","type":"page","link":"https:\/\/sorteioseamostrasgratis.com.br\/fr\/about\/","title":{"rendered":"Qui sommes-nous"},"content":{"rendered":"<div class=\"mx-5 sm:mx-0 prose leading-relaxed text-lg mb-5 text-left wp-paragraph\">\n<p>LE <em>Cadeaux et \u00e9chantillons gratuits<\/em> est le portail de ceux qui aiment d\u00e9couvrir des opportunit\u00e9s sans d\u00e9penser une fortune. Notre \u00e9quipe est passionn\u00e9e par la recherche de bons plans pour des produits gratuits, des applications, des cadeaux et des promotions de qualit\u00e9, afin que vous puissiez tester de nouvelles choses de mani\u00e8re pratique et abordable. Gr\u00e2ce \u00e0 une approche ax\u00e9e sur un contenu fiable, nous souhaitons que vous soyez toujours au courant des offres les plus int\u00e9ressantes du moment.<\/p>\n<\/div><!--advertisement--><div class=\"mx-5 sm:mx-0 sm:text-3xl text-2xl font-medium title-font mb-4 text-gray-900 text-left\">\n<h3 class=\"wp-block-heading\">Ce que nous offrons<\/h3>\n<\/div><div class=\"mx-5 sm:mx-0 prose leading-relaxed text-lg mb-5 text-left wp-paragraph\">\n<p>Notre mission est simple\u00a0: vous informer sur o\u00f9 et comment acc\u00e9der aux promotions, aux jeux-concours, aux applications et aux \u00e9chantillons gratuits. Gr\u00e2ce \u00e0 des articles soigneusement r\u00e9dig\u00e9s et mis \u00e0 jour, nous vous offrons un aper\u00e7u complet des principales opportunit\u00e9s disponibles, des lancements majeurs sur le march\u00e9 aux promotions sur les produits du quotidien. Que vous recherchiez des \u00e9chantillons de produits de beaut\u00e9, des lancements de produits alimentaires ou des r\u00e9ductions sp\u00e9ciales, vous trouverez ici des informations de qualit\u00e9 pour une recherche plus efficace et plus agr\u00e9able.<\/p>\n<\/div><!--advertisement--><div class=\"mx-5 sm:mx-0 sm:text-3xl text-2xl font-medium title-font mb-4 text-gray-900 text-left\">\n<h3 class=\"wp-block-heading\">Mentions l\u00e9gales<\/h3>\n<\/div><div class=\"mx-5 sm:mx-0 prose leading-relaxed text-lg mb-5 text-left wp-paragraph\">\n<p>LE <em>Cadeaux et \u00e9chantillons gratuits<\/em> est une plateforme \u00e0 titre purement informatif, sans aucun lien avec les entreprises, produits ou services pr\u00e9sent\u00e9s. Notre objectif est de partager du contenu utile et accessible, mais il vous appartient de v\u00e9rifier toutes les conditions directement aupr\u00e8s des fournisseurs avant de participer. Profitez des conseils, explorez les opportunit\u00e9s, mais n&#039;oubliez pas de toujours consulter les sources officielles.<\/p>\n<\/div>","protected":false},"excerpt":{"rendered":"<p>Giveaways and Free Samples est le portail id\u00e9al pour ceux qui aiment d\u00e9couvrir des opportunit\u00e9s sans se ruiner. Notre \u00e9quipe est passionn\u00e9e par la recherche de bons plans pour des produits gratuits, des applications, des cadeaux et des promotions de qualit\u00e9, afin que vous puissiez essayer de nouvelles choses de mani\u00e8re pratique et abordable. Gr\u00e2ce \u00e0 une approche ax\u00e9e sur un contenu fiable, nous souhaitons que vous restiez\u2026 <a class=\"more-link\" href=\"https:\/\/sorteioseamostrasgratis.com.br\/fr\/about\/\">Continuer \u00e0 lire <span class=\"screen-reader-text\">Qui sommes-nous<\/span><\/a><\/p>","protected":false},"author":3,"featured_media":0,"parent":0,"menu_order":0,"comment_status":"closed","ping_status":"closed","template":"","meta":{"footnotes":""},"yoast_head":"<!-- This site is optimized with the Yoast SEO plugin v23.3 - https:\/\/yoast.com\/wordpress\/plugins\/seo\/ -->\n<title>Quem Somos - Sorteios Amostras Gratis<\/title>\n<meta name=\"robots\" content=\"index, follow, max-snippet:-1, max-image-preview:large, max-video-preview:-1\" \/>\n<link rel=\"canonical\" href=\"https:\/\/sorteioseamostrasgratis.com.br\/fr\/about\/\" \/>\n<meta property=\"og:locale\" content=\"fr_FR\" \/>\n<meta property=\"og:type\" content=\"article\" \/>\n<meta property=\"og:title\" content=\"Quem Somos - Sorteios Amostras Gratis\" \/>\n<meta property=\"og:description\" content=\"O Sorteios e Amostras Gr\u00e1tis \u00e9 o portal para quem adora descobrir oportunidades sem gastar. Somos uma equipe apaixonada por ca\u00e7ar as melhores dicas de produtos gratuitos, aplicativos, sorteios e promo\u00e7\u00f5es de qualidade para que voc\u00ea possa experimentar novidades de maneira pr\u00e1tica e acess\u00edvel. Com uma abordagem focada em conte\u00fado confi\u00e1vel, queremos que voc\u00ea fique&hellip; Continue reading Quem Somos\" \/>\n<meta property=\"og:url\" content=\"https:\/\/sorteioseamostrasgratis.com.br\/fr\/about\/\" \/>\n<meta property=\"og:site_name\" content=\"Sorteios Amostras Gratis\" \/>\n<meta property=\"article:modified_time\" content=\"2025-03-14T19:20:04+00:00\" \/>\n<meta name=\"twitter:card\" content=\"summary_large_image\" \/>\n<meta name=\"twitter:label1\" content=\"Est. reading time\" \/>\n\t<meta name=\"twitter:data1\" content=\"2 minutes\" \/>\n<script type=\"application\/ld+json\" class=\"yoast-schema-graph\">{\"@context\":\"https:\/\/schema.org\",\"@graph\":[{\"@type\":\"WebPage\",\"@id\":\"https:\/\/sorteioseamostrasgratis.com.br\/about\/\",\"url\":\"https:\/\/sorteioseamostrasgratis.com.br\/about\/\",\"name\":\"Quem Somos - Sorteios Amostras Gratis\",\"isPartOf\":{\"@id\":\"https:\/\/sorteioseamostrasgratis.com.br\/#website\"},\"datePublished\":\"2024-10-30T23:05:44+00:00\",\"dateModified\":\"2025-03-14T19:20:04+00:00\",\"breadcrumb\":{\"@id\":\"https:\/\/sorteioseamostrasgratis.com.br\/about\/#breadcrumb\"},\"inLanguage\":\"fr-FR\",\"potentialAction\":[{\"@type\":\"ReadAction\",\"target\":[\"https:\/\/sorteioseamostrasgratis.com.br\/about\/\"]}]},{\"@type\":\"BreadcrumbList\",\"@id\":\"https:\/\/sorteioseamostrasgratis.com.br\/about\/#breadcrumb\",\"itemListElement\":[{\"@type\":\"ListItem\",\"position\":1,\"name\":\"Home\",\"item\":\"https:\/\/sorteioseamostrasgratis.com.br\/\"},{\"@type\":\"ListItem\",\"position\":2,\"name\":\"Quem Somos\"}]},{\"@type\":\"WebSite\",\"@id\":\"https:\/\/sorteioseamostrasgratis.com.br\/#website\",\"url\":\"https:\/\/sorteioseamostrasgratis.com.br\/\",\"name\":\"Sorteios Amostras Gratis\",\"description\":\"\",\"potentialAction\":[{\"@type\":\"SearchAction\",\"target\":{\"@type\":\"EntryPoint\",\"urlTemplate\":\"https:\/\/sorteioseamostrasgratis.com.br\/?s={search_term_string}\"},\"query-input\":\"required name=search_term_string\"}],\"inLanguage\":\"fr-FR\"}]}<\/script>\n<!-- \/ Yoast SEO plugin. -->","yoast_head_json":{"title":"Quem Somos - Sorteios Amostras Gratis","robots":{"index":"index","follow":"follow","max-snippet":"max-snippet:-1","max-image-preview":"max-image-preview:large","max-video-preview":"max-video-preview:-1"},"canonical":"https:\/\/sorteioseamostrasgratis.com.br\/fr\/about\/","og_locale":"fr_FR","og_type":"article","og_title":"Quem Somos - Sorteios Amostras Gratis","og_description":"O Sorteios e Amostras Gr\u00e1tis \u00e9 o portal para quem adora descobrir oportunidades sem gastar. Somos uma equipe apaixonada por ca\u00e7ar as melhores dicas de produtos gratuitos, aplicativos, sorteios e promo\u00e7\u00f5es de qualidade para que voc\u00ea possa experimentar novidades de maneira pr\u00e1tica e acess\u00edvel. Com uma abordagem focada em conte\u00fado confi\u00e1vel, queremos que voc\u00ea fique&hellip; Continue reading Quem Somos","og_url":"https:\/\/sorteioseamostrasgratis.com.br\/fr\/about\/","og_site_name":"Sorteios Amostras Gratis","article_modified_time":"2025-03-14T19:20:04+00:00","twitter_card":"summary_large_image","twitter_misc":{"Est. reading time":"2 minutes"},"schema":{"@context":"https:\/\/schema.org","@graph":[{"@type":"WebPage","@id":"https:\/\/sorteioseamostrasgratis.com.br\/about\/","url":"https:\/\/sorteioseamostrasgratis.com.br\/about\/","name":"Quem Somos - Sorteios Amostras Gratis","isPartOf":{"@id":"https:\/\/sorteioseamostrasgratis.com.br\/#website"},"datePublished":"2024-10-30T23:05:44+00:00","dateModified":"2025-03-14T19:20:04+00:00","breadcrumb":{"@id":"https:\/\/sorteioseamostrasgratis.com.br\/about\/#breadcrumb"},"inLanguage":"fr-FR","potentialAction":[{"@type":"ReadAction","target":["https:\/\/sorteioseamostrasgratis.com.br\/about\/"]}]},{"@type":"BreadcrumbList","@id":"https:\/\/sorteioseamostrasgratis.com.br\/about\/#breadcrumb","itemListElement":[{"@type":"ListItem","position":1,"name":"Home","item":"https:\/\/sorteioseamostrasgratis.com.br\/"},{"@type":"ListItem","position":2,"name":"Quem Somos"}]},{"@type":"WebSite","@id":"https:\/\/sorteioseamostrasgratis.com.br\/#website","url":"https:\/\/sorteioseamostrasgratis.com.br\/","name":"Sorteios Amostras Gratis","description":"","potentialAction":[{"@type":"SearchAction","target":{"@type":"EntryPoint","urlTemplate":"https:\/\/sorteioseamostrasgratis.com.br\/?s={search_term_string}"},"query-input":"required name=search_term_string"}],"inLanguage":"fr-FR"}]}},"_links":{"self":[{"href":"https:\/\/sorteioseamostrasgratis.com.br\/fr\/wp-json\/wp\/v2\/pages\/3132"}],"collection":[{"href":"https:\/\/sorteioseamostrasgratis.com.br\/fr\/wp-json\/wp\/v2\/pages"}],"about":[{"href":"https:\/\/sorteioseamostrasgratis.com.br\/fr\/wp-json\/wp\/v2\/types\/page"}],"author":[{"embeddable":true,"href":"https:\/\/sorteioseamostrasgratis.com.br\/fr\/wp-json\/wp\/v2\/users\/3"}],"replies":[{"embeddable":true,"href":"https:\/\/sorteioseamostrasgratis.com.br\/fr\/wp-json\/wp\/v2\/comments?post=3132"}],"version-history":[{"count":2,"href":"https:\/\/sorteioseamostrasgratis.com.br\/fr\/wp-json\/wp\/v2\/pages\/3132\/revisions"}],"predecessor-version":[{"id":3637,"href":"https:\/\/sorteioseamostrasgratis.com.br\/fr\/wp-json\/wp\/v2\/pages\/3132\/revisions\/3637"}],"wp:attachment":[{"href":"https:\/\/sorteioseamostrasgratis.com.br\/fr\/wp-json\/wp\/v2\/media?parent=3132"}],"curies":[{"name":"wp","href":"https:\/\/api.w.org\/{rel}","templated":true}]}}