{"id":3132,"date":"2024-10-30T23:05:44","date_gmt":"2024-10-30T23:05:44","guid":{"rendered":"https:\/\/sorteioseamostrasgratis.com.br\/?page_id=3132"},"modified":"2025-03-14T19:20:04","modified_gmt":"2025-03-14T19:20:04","slug":"about","status":"publish","type":"page","link":"https:\/\/sorteioseamostrasgratis.com.br\/de\/about\/","title":{"rendered":"Wer wir sind"},"content":{"rendered":"<div class=\"mx-5 sm:mx-0 prose leading-relaxed text-lg mb-5 text-left wp-paragraph\">\n<p>DER <em>Werbegeschenke und kostenlose Proben<\/em> ist das Portal f\u00fcr alle, die gerne neue M\u00f6glichkeiten entdecken, ohne Geld auszugeben. Wir sind ein Team, das mit Leidenschaft die besten Tipps f\u00fcr kostenlose Produkte, Apps, Werbegeschenke und hochwertige Aktionen aufsp\u00fcrt, damit Sie Neues praktisch und g\u00fcnstig ausprobieren k\u00f6nnen. Mit unserem Fokus auf zuverl\u00e4ssige Inhalte m\u00f6chten wir Sie immer \u00fcber die interessantesten Angebote informieren.<\/p>\n<\/div><!--advertisement--><div class=\"mx-5 sm:mx-0 sm:text-3xl text-2xl font-medium title-font mb-4 text-gray-900 text-left\">\n<h3 class=\"wp-block-heading\">Unser Angebot<\/h3>\n<\/div><div class=\"mx-5 sm:mx-0 prose leading-relaxed text-lg mb-5 text-left wp-paragraph\">\n<p>Unsere Aufgabe ist einfach: Wir informieren Sie dar\u00fcber, wo und wie Sie auf Aktionen, Gewinnspiele, Apps und Gratisproben zugreifen k\u00f6nnen. Mit sorgf\u00e4ltig verfassten und aktuellen Artikeln bieten wir Ihnen einen umfassenden \u00dcberblick \u00fcber die wichtigsten Angebote \u2013 von gro\u00dfen Markteinf\u00fchrungen bis hin zu Aktionen f\u00fcr Alltagsprodukte. Ob Sie nach Beauty-Proben, Lebensmittelneuheiten oder Sonderangeboten suchen \u2013 hier finden Sie hochwertige Informationen, die Ihre Suche effizienter und angenehmer machen.<\/p>\n<\/div><!--advertisement--><div class=\"mx-5 sm:mx-0 sm:text-3xl text-2xl font-medium title-font mb-4 text-gray-900 text-left\">\n<h3 class=\"wp-block-heading\">Rechtliche Hinweise<\/h3>\n<\/div><div class=\"mx-5 sm:mx-0 prose leading-relaxed text-lg mb-5 text-left wp-paragraph\">\n<p>DER <em>Werbegeschenke und kostenlose Proben<\/em> ist eine Plattform f\u00fcr reine Informationszwecke und steht in keiner Verbindung zu den vorgestellten Unternehmen, Produkten oder Dienstleistungen. Unser Ziel ist es, n\u00fctzliche und leicht zug\u00e4ngliche Inhalte zu teilen. Es liegt jedoch in Ihrer Verantwortung, die Bedingungen vor der Teilnahme direkt bei den Anbietern zu pr\u00fcfen. Nutzen Sie die Tipps und erkunden Sie die M\u00f6glichkeiten, aber denken Sie daran, immer die offiziellen Quellen zu konsultieren.<\/p>\n<\/div>","protected":false},"excerpt":{"rendered":"<p>Giveaways and Free Samples ist das Portal f\u00fcr alle, die gerne neue M\u00f6glichkeiten entdecken, ohne ein Verm\u00f6gen auszugeben. Unser Team findet mit Leidenschaft die besten Tipps f\u00fcr kostenlose Produkte, Apps, Werbegeschenke und hochwertige Aktionen, damit Sie Neues praktisch und g\u00fcnstig ausprobieren k\u00f6nnen. Mit unserem Fokus auf zuverl\u00e4ssige Inhalte m\u00f6chten wir, dass Sie \u2026 <a class=\"more-link\" href=\"https:\/\/sorteioseamostrasgratis.com.br\/de\/about\/\">Weiterlesen <span class=\"screen-reader-text\">Wer wir sind<\/span><\/a><\/p>","protected":false},"author":3,"featured_media":0,"parent":0,"menu_order":0,"comment_status":"closed","ping_status":"closed","template":"","meta":{"footnotes":""},"yoast_head":"<!-- This site is optimized with the Yoast SEO plugin v23.3 - https:\/\/yoast.com\/wordpress\/plugins\/seo\/ -->\n<title>Quem Somos - Sorteios Amostras Gratis<\/title>\n<meta name=\"robots\" content=\"index, follow, max-snippet:-1, max-image-preview:large, max-video-preview:-1\" \/>\n<link rel=\"canonical\" href=\"https:\/\/sorteioseamostrasgratis.com.br\/de\/about\/\" \/>\n<meta property=\"og:locale\" content=\"de_DE\" \/>\n<meta property=\"og:type\" content=\"article\" \/>\n<meta property=\"og:title\" content=\"Quem Somos - Sorteios Amostras Gratis\" \/>\n<meta property=\"og:description\" content=\"O Sorteios e Amostras Gr\u00e1tis \u00e9 o portal para quem adora descobrir oportunidades sem gastar. Somos uma equipe apaixonada por ca\u00e7ar as melhores dicas de produtos gratuitos, aplicativos, sorteios e promo\u00e7\u00f5es de qualidade para que voc\u00ea possa experimentar novidades de maneira pr\u00e1tica e acess\u00edvel. Com uma abordagem focada em conte\u00fado confi\u00e1vel, queremos que voc\u00ea fique&hellip; Continue reading Quem Somos\" \/>\n<meta property=\"og:url\" content=\"https:\/\/sorteioseamostrasgratis.com.br\/de\/about\/\" \/>\n<meta property=\"og:site_name\" content=\"Sorteios Amostras Gratis\" \/>\n<meta property=\"article:modified_time\" content=\"2025-03-14T19:20:04+00:00\" \/>\n<meta name=\"twitter:card\" content=\"summary_large_image\" \/>\n<meta name=\"twitter:label1\" content=\"Est. reading time\" \/>\n\t<meta name=\"twitter:data1\" content=\"2 Minuten\" \/>\n<script type=\"application\/ld+json\" class=\"yoast-schema-graph\">{\"@context\":\"https:\/\/schema.org\",\"@graph\":[{\"@type\":\"WebPage\",\"@id\":\"https:\/\/sorteioseamostrasgratis.com.br\/about\/\",\"url\":\"https:\/\/sorteioseamostrasgratis.com.br\/about\/\",\"name\":\"Quem Somos - Sorteios Amostras Gratis\",\"isPartOf\":{\"@id\":\"https:\/\/sorteioseamostrasgratis.com.br\/#website\"},\"datePublished\":\"2024-10-30T23:05:44+00:00\",\"dateModified\":\"2025-03-14T19:20:04+00:00\",\"breadcrumb\":{\"@id\":\"https:\/\/sorteioseamostrasgratis.com.br\/about\/#breadcrumb\"},\"inLanguage\":\"de-DE\",\"potentialAction\":[{\"@type\":\"ReadAction\",\"target\":[\"https:\/\/sorteioseamostrasgratis.com.br\/about\/\"]}]},{\"@type\":\"BreadcrumbList\",\"@id\":\"https:\/\/sorteioseamostrasgratis.com.br\/about\/#breadcrumb\",\"itemListElement\":[{\"@type\":\"ListItem\",\"position\":1,\"name\":\"Home\",\"item\":\"https:\/\/sorteioseamostrasgratis.com.br\/\"},{\"@type\":\"ListItem\",\"position\":2,\"name\":\"Quem Somos\"}]},{\"@type\":\"WebSite\",\"@id\":\"https:\/\/sorteioseamostrasgratis.com.br\/#website\",\"url\":\"https:\/\/sorteioseamostrasgratis.com.br\/\",\"name\":\"Sorteios Amostras Gratis\",\"description\":\"\",\"potentialAction\":[{\"@type\":\"SearchAction\",\"target\":{\"@type\":\"EntryPoint\",\"urlTemplate\":\"https:\/\/sorteioseamostrasgratis.com.br\/?s={search_term_string}\"},\"query-input\":\"required name=search_term_string\"}],\"inLanguage\":\"de-DE\"}]}<\/script>\n<!-- \/ Yoast SEO plugin. -->","yoast_head_json":{"title":"Quem Somos - Sorteios Amostras Gratis","robots":{"index":"index","follow":"follow","max-snippet":"max-snippet:-1","max-image-preview":"max-image-preview:large","max-video-preview":"max-video-preview:-1"},"canonical":"https:\/\/sorteioseamostrasgratis.com.br\/de\/about\/","og_locale":"de_DE","og_type":"article","og_title":"Quem Somos - Sorteios Amostras Gratis","og_description":"O Sorteios e Amostras Gr\u00e1tis \u00e9 o portal para quem adora descobrir oportunidades sem gastar. Somos uma equipe apaixonada por ca\u00e7ar as melhores dicas de produtos gratuitos, aplicativos, sorteios e promo\u00e7\u00f5es de qualidade para que voc\u00ea possa experimentar novidades de maneira pr\u00e1tica e acess\u00edvel. Com uma abordagem focada em conte\u00fado confi\u00e1vel, queremos que voc\u00ea fique&hellip; Continue reading Quem Somos","og_url":"https:\/\/sorteioseamostrasgratis.com.br\/de\/about\/","og_site_name":"Sorteios Amostras Gratis","article_modified_time":"2025-03-14T19:20:04+00:00","twitter_card":"summary_large_image","twitter_misc":{"Est. reading time":"2 Minuten"},"schema":{"@context":"https:\/\/schema.org","@graph":[{"@type":"WebPage","@id":"https:\/\/sorteioseamostrasgratis.com.br\/about\/","url":"https:\/\/sorteioseamostrasgratis.com.br\/about\/","name":"Quem Somos - Sorteios Amostras Gratis","isPartOf":{"@id":"https:\/\/sorteioseamostrasgratis.com.br\/#website"},"datePublished":"2024-10-30T23:05:44+00:00","dateModified":"2025-03-14T19:20:04+00:00","breadcrumb":{"@id":"https:\/\/sorteioseamostrasgratis.com.br\/about\/#breadcrumb"},"inLanguage":"de-DE","potentialAction":[{"@type":"ReadAction","target":["https:\/\/sorteioseamostrasgratis.com.br\/about\/"]}]},{"@type":"BreadcrumbList","@id":"https:\/\/sorteioseamostrasgratis.com.br\/about\/#breadcrumb","itemListElement":[{"@type":"ListItem","position":1,"name":"Home","item":"https:\/\/sorteioseamostrasgratis.com.br\/"},{"@type":"ListItem","position":2,"name":"Quem Somos"}]},{"@type":"WebSite","@id":"https:\/\/sorteioseamostrasgratis.com.br\/#website","url":"https:\/\/sorteioseamostrasgratis.com.br\/","name":"Sorteios Amostras Gratis","description":"","potentialAction":[{"@type":"SearchAction","target":{"@type":"EntryPoint","urlTemplate":"https:\/\/sorteioseamostrasgratis.com.br\/?s={search_term_string}"},"query-input":"required name=search_term_string"}],"inLanguage":"de-DE"}]}},"_links":{"self":[{"href":"https:\/\/sorteioseamostrasgratis.com.br\/de\/wp-json\/wp\/v2\/pages\/3132"}],"collection":[{"href":"https:\/\/sorteioseamostrasgratis.com.br\/de\/wp-json\/wp\/v2\/pages"}],"about":[{"href":"https:\/\/sorteioseamostrasgratis.com.br\/de\/wp-json\/wp\/v2\/types\/page"}],"author":[{"embeddable":true,"href":"https:\/\/sorteioseamostrasgratis.com.br\/de\/wp-json\/wp\/v2\/users\/3"}],"replies":[{"embeddable":true,"href":"https:\/\/sorteioseamostrasgratis.com.br\/de\/wp-json\/wp\/v2\/comments?post=3132"}],"version-history":[{"count":2,"href":"https:\/\/sorteioseamostrasgratis.com.br\/de\/wp-json\/wp\/v2\/pages\/3132\/revisions"}],"predecessor-version":[{"id":3637,"href":"https:\/\/sorteioseamostrasgratis.com.br\/de\/wp-json\/wp\/v2\/pages\/3132\/revisions\/3637"}],"wp:attachment":[{"href":"https:\/\/sorteioseamostrasgratis.com.br\/de\/wp-json\/wp\/v2\/media?parent=3132"}],"curies":[{"name":"wp","href":"https:\/\/api.w.org\/{rel}","templated":true}]}}