{"id":3132,"date":"2024-10-30T23:05:44","date_gmt":"2024-10-30T23:05:44","guid":{"rendered":"https:\/\/sorteioseamostrasgratis.com.br\/?page_id=3132"},"modified":"2025-03-14T19:20:04","modified_gmt":"2025-03-14T19:20:04","slug":"about","status":"publish","type":"page","link":"https:\/\/sorteioseamostrasgratis.com.br\/ar\/about\/","title":{"rendered":"\u0645\u0646 \u0646\u062d\u0646"},"content":{"rendered":"<div class=\"mx-5 sm:mx-0 prose leading-relaxed text-lg mb-5 text-left wp-paragraph\">\n<p>\u0627\u0644 <em>\u0647\u062f\u0627\u064a\u0627 \u0648\u0639\u064a\u0646\u0627\u062a \u0645\u062c\u0627\u0646\u064a\u0629<\/em> \u0647\u064a \u0628\u0648\u0627\u0628\u0629\u064c \u0644\u0645\u0646 \u064a\u064f\u062d\u0628\u0651\u0648\u0646 \u0627\u0643\u062a\u0634\u0627\u0641 \u0627\u0644\u0641\u0631\u0635 \u062f\u0648\u0646 \u0625\u0646\u0641\u0627\u0642 \u0645\u0628\u0627\u0644\u063a \u0637\u0627\u0626\u0644\u0629. \u0641\u0631\u064a\u0642\u0646\u0627 \u0634\u063a\u0648\u0641\u064c \u0628\u062a\u0642\u062f\u064a\u0645 \u0623\u0641\u0636\u0644 \u0627\u0644\u0646\u0635\u0627\u0626\u062d \u0644\u0644\u0645\u0646\u062a\u062c\u0627\u062a \u0627\u0644\u0645\u062c\u0627\u0646\u064a\u0629 \u0648\u0627\u0644\u062a\u0637\u0628\u064a\u0642\u0627\u062a \u0648\u0627\u0644\u0647\u062f\u0627\u064a\u0627 \u0648\u0627\u0644\u0639\u0631\u0648\u0636 \u0627\u0644\u062a\u0631\u0648\u064a\u062c\u064a\u0629 \u0627\u0644\u0642\u064a\u0651\u0645\u0629\u060c \u0644\u062a\u062a\u0645\u0643\u0651\u0646\u0648\u0627 \u0645\u0646 \u062a\u062c\u0631\u0628\u0629 \u0623\u0634\u064a\u0627\u0621 \u062c\u062f\u064a\u062f\u0629 \u0628\u0637\u0631\u064a\u0642\u0629 \u0639\u0645\u0644\u064a\u0629 \u0648\u0641\u064a \u0645\u062a\u0646\u0627\u0648\u0644 \u0627\u0644\u062c\u0645\u064a\u0639. \u0628\u0641\u0636\u0644 \u0646\u0647\u062c\u0646\u0627 \u0627\u0644\u0645\u064f\u0631\u0643\u0651\u0632 \u0639\u0644\u0649 \u0627\u0644\u0645\u062d\u062a\u0648\u0649 \u0627\u0644\u0645\u0648\u062b\u0648\u0642\u060c \u0646\u064f\u0631\u064a\u062f \u0623\u0646 \u0646\u064f\u0628\u0642\u064a\u0643\u0645 \u0639\u0644\u0649 \u0627\u0637\u0644\u0627\u0639\u064d \u0628\u0623\u062d\u062f\u062b \u0627\u0644\u0639\u0631\u0648\u0636 \u0627\u0644\u0642\u064a\u0651\u0645\u0629.<\/p>\n<\/div><!--advertisement--><div class=\"mx-5 sm:mx-0 sm:text-3xl text-2xl font-medium title-font mb-4 text-gray-900 text-left\">\n<h3 class=\"wp-block-heading\">\u0645\u0627 \u0646\u0642\u062f\u0645\u0647<\/h3>\n<\/div><div class=\"mx-5 sm:mx-0 prose leading-relaxed text-lg mb-5 text-left wp-paragraph\">\n<p>\u0645\u0647\u0645\u062a\u0646\u0627 \u0628\u0633\u064a\u0637\u0629: \u062a\u0632\u0648\u064a\u062f\u0643\u0645 \u0628\u0645\u0639\u0644\u0648\u0645\u0627\u062a \u062d\u0648\u0644 \u0623\u0645\u0627\u0643\u0646 \u0648\u0643\u064a\u0641\u064a\u0629 \u0627\u0644\u0648\u0635\u0648\u0644 \u0625\u0644\u0649 \u0627\u0644\u0639\u0631\u0648\u0636 \u0627\u0644\u062a\u0631\u0648\u064a\u062c\u064a\u0629 \u0648\u0627\u0644\u0633\u062d\u0648\u0628\u0627\u062a \u0648\u0627\u0644\u062a\u0637\u0628\u064a\u0642\u0627\u062a \u0648\u0627\u0644\u0639\u064a\u0646\u0627\u062a \u0627\u0644\u0645\u062c\u0627\u0646\u064a\u0629. \u0645\u0646 \u062e\u0644\u0627\u0644 \u0645\u0642\u0627\u0644\u0627\u062a\u0646\u0627 \u0627\u0644\u0645\u062d\u062f\u062b\u0629 \u0628\u0639\u0646\u0627\u064a\u0629\u060c \u0646\u0642\u062f\u0645 \u0644\u0643\u0645 \u0646\u0638\u0631\u0629 \u0634\u0627\u0645\u0644\u0629 \u0639\u0644\u0649 \u0623\u0647\u0645 \u0627\u0644\u0641\u0631\u0635 \u0627\u0644\u0645\u062a\u0627\u062d\u0629\u060c \u0628\u062f\u0621\u064b\u0627 \u0645\u0646 \u0627\u0644\u0625\u0635\u062f\u0627\u0631\u0627\u062a \u0627\u0644\u0631\u0626\u064a\u0633\u064a\u0629 \u0641\u064a \u0627\u0644\u0623\u0633\u0648\u0627\u0642 \u0648\u0635\u0648\u0644\u064b\u0627 \u0625\u0644\u0649 \u0627\u0644\u0639\u0631\u0648\u0636 \u0627\u0644\u062a\u0631\u0648\u064a\u062c\u064a\u0629 \u0639\u0644\u0649 \u0627\u0644\u0645\u0646\u062a\u062c\u0627\u062a \u0627\u0644\u064a\u0648\u0645\u064a\u0629. \u0633\u0648\u0627\u0621 \u0643\u0646\u062a\u0645 \u062a\u0628\u062d\u062b\u0648\u0646 \u0639\u0646 \u0639\u064a\u0646\u0627\u062a \u062a\u062c\u0645\u064a\u0644\u060c \u0623\u0648 \u0625\u0635\u062f\u0627\u0631\u0627\u062a \u0637\u0639\u0627\u0645 \u062c\u062f\u064a\u062f\u0629\u060c \u0623\u0648 \u062e\u0635\u0648\u0645\u0627\u062a \u062e\u0627\u0635\u0629\u060c \u0633\u062a\u062c\u062f\u0648\u0646 \u0647\u0646\u0627 \u0645\u0639\u0644\u0648\u0645\u0627\u062a \u0642\u064a\u0651\u0645\u0629 \u062a\u062c\u0639\u0644 \u0628\u062d\u062b\u0643\u0645 \u0623\u0643\u062b\u0631 \u0641\u0639\u0627\u0644\u064a\u0629 \u0648\u0645\u062a\u0639\u0629.<\/p>\n<\/div><!--advertisement--><div class=\"mx-5 sm:mx-0 sm:text-3xl text-2xl font-medium title-font mb-4 text-gray-900 text-left\">\n<h3 class=\"wp-block-heading\">\u0625\u0634\u0639\u0627\u0631 \u0642\u0627\u0646\u0648\u0646\u064a<\/h3>\n<\/div><div class=\"mx-5 sm:mx-0 prose leading-relaxed text-lg mb-5 text-left wp-paragraph\">\n<p>\u0627\u0644 <em>\u0647\u062f\u0627\u064a\u0627 \u0648\u0639\u064a\u0646\u0627\u062a \u0645\u062c\u0627\u0646\u064a\u0629<\/em> \u0647\u0630\u0647 \u0645\u0646\u0635\u0629 \u0625\u0639\u0644\u0627\u0645\u064a\u0629\u060c \u0644\u0627 \u0639\u0644\u0627\u0642\u0629 \u0644\u0647\u0627 \u0628\u0627\u0644\u0634\u0631\u0643\u0627\u062a \u0623\u0648 \u0627\u0644\u0645\u0646\u062a\u062c\u0627\u062a \u0623\u0648 \u0627\u0644\u062e\u062f\u0645\u0627\u062a \u0627\u0644\u0645\u064f\u0642\u062f\u0645\u0629. \u0647\u062f\u0641\u0646\u0627 \u0647\u0648 \u0645\u0634\u0627\u0631\u0643\u0629 \u0645\u062d\u062a\u0648\u0649 \u0645\u0641\u064a\u062f \u0648\u0633\u0647\u0644 \u0627\u0644\u0648\u0635\u0648\u0644\u060c \u0648\u0644\u0643\u0646 \u064a\u064f\u0631\u062c\u0649 \u0645\u0631\u0627\u062c\u0639\u0629 \u062c\u0645\u064a\u0639 \u0627\u0644\u0634\u0631\u0648\u0637 \u0648\u0627\u0644\u0623\u062d\u0643\u0627\u0645 \u0645\u0628\u0627\u0634\u0631\u0629\u064b \u0645\u0639 \u0645\u064f\u0642\u062f\u0651\u0645\u064a \u0627\u0644\u062e\u062f\u0645\u0629 \u0642\u0628\u0644 \u0627\u0644\u0645\u0634\u0627\u0631\u0643\u0629. \u0627\u0633\u062a\u0641\u062f \u0645\u0646 \u0627\u0644\u0646\u0635\u0627\u0626\u062d \u0648\u0627\u0633\u062a\u0643\u0634\u0641 \u0627\u0644\u0641\u0631\u0635 \u0627\u0644\u0645\u062a\u0627\u062d\u0629\u060c \u0648\u0644\u0643\u0646 \u062a\u0630\u0643\u0651\u0631 \u062f\u0627\u0626\u0645\u064b\u0627 \u0645\u0631\u0627\u062c\u0639\u0629 \u0627\u0644\u0645\u0635\u0627\u062f\u0631 \u0627\u0644\u0631\u0633\u0645\u064a\u0629.<\/p>\n<\/div>","protected":false},"excerpt":{"rendered":"<p>\u0628\u0648\u0627\u0628\u0629 \u0627\u0644\u0647\u062f\u0627\u064a\u0627 \u0648\u0627\u0644\u0639\u064a\u0646\u0627\u062a \u0627\u0644\u0645\u062c\u0627\u0646\u064a\u0629 \u0645\u064f\u062e\u0635\u0635\u0629 \u0644\u0645\u0646 \u064a\u064f\u062d\u0628\u0651\u0648\u0646 \u0627\u0643\u062a\u0634\u0627\u0641 \u0627\u0644\u0641\u0631\u0635 \u062f\u0648\u0646 \u0625\u0646\u0641\u0627\u0642 \u0627\u0644\u0645\u0627\u0644. \u0646\u062d\u0646 \u0641\u0631\u064a\u0642 \u0634\u063a\u0648\u0641 \u0628\u0627\u0644\u0628\u062d\u062b \u0639\u0646 \u0623\u0641\u0636\u0644 \u0627\u0644\u0646\u0635\u0627\u0626\u062d \u062d\u0648\u0644 \u0627\u0644\u0645\u0646\u062a\u062c\u0627\u062a \u0627\u0644\u0645\u062c\u0627\u0646\u064a\u0629 \u0648\u0627\u0644\u062a\u0637\u0628\u064a\u0642\u0627\u062a \u0648\u0627\u0644\u0647\u062f\u0627\u064a\u0627 \u0648\u0627\u0644\u0639\u0631\u0648\u0636 \u0627\u0644\u062a\u0631\u0648\u064a\u062c\u064a\u0629 \u0627\u0644\u0645\u0645\u064a\u0632\u0629\u060c \u0644\u062a\u062a\u0645\u0643\u0651\u0646\u0648\u0627 \u0645\u0646 \u062a\u062c\u0631\u0628\u0629 \u0645\u0646\u062a\u062c\u0627\u062a \u062c\u062f\u064a\u062f\u0629 \u0628\u0637\u0631\u064a\u0642\u0629 \u0639\u0645\u0644\u064a\u0629 \u0648\u0633\u0647\u0644\u0629 \u0627\u0644\u0645\u0646\u0627\u0644. \u0628\u0641\u0636\u0644 \u0646\u0647\u062c\u0646\u0627 \u0627\u0644\u0645\u064f\u0631\u0643\u0651\u0632 \u0639\u0644\u0649 \u0627\u0644\u0645\u062d\u062a\u0648\u0649 \u0627\u0644\u0645\u0648\u062b\u0648\u0642\u060c \u0646\u0647\u062f\u0641 \u0625\u0644\u0649 \u0623\u0646 \u062a\u0628\u0642\u0648\u0627... <a class=\"more-link\" href=\"https:\/\/sorteioseamostrasgratis.com.br\/ar\/about\/\">\u062a\u0627\u0628\u0639 \u0627\u0644\u0642\u0631\u0627\u0621\u0629 <span class=\"screen-reader-text\">\u0645\u0646 \u0646\u062d\u0646<\/span><\/a><\/p>","protected":false},"author":3,"featured_media":0,"parent":0,"menu_order":0,"comment_status":"closed","ping_status":"closed","template":"","meta":{"footnotes":""},"yoast_head":"<!-- This site is optimized with the Yoast SEO plugin v23.3 - https:\/\/yoast.com\/wordpress\/plugins\/seo\/ -->\n<title>Quem Somos - Sorteios Amostras Gratis<\/title>\n<meta name=\"robots\" content=\"index, follow, max-snippet:-1, max-image-preview:large, max-video-preview:-1\" \/>\n<link rel=\"canonical\" href=\"https:\/\/sorteioseamostrasgratis.com.br\/ar\/about\/\" \/>\n<meta property=\"og:locale\" content=\"ar_AR\" \/>\n<meta property=\"og:type\" content=\"article\" \/>\n<meta property=\"og:title\" content=\"Quem Somos - Sorteios Amostras Gratis\" \/>\n<meta property=\"og:description\" content=\"O Sorteios e Amostras Gr\u00e1tis \u00e9 o portal para quem adora descobrir oportunidades sem gastar. Somos uma equipe apaixonada por ca\u00e7ar as melhores dicas de produtos gratuitos, aplicativos, sorteios e promo\u00e7\u00f5es de qualidade para que voc\u00ea possa experimentar novidades de maneira pr\u00e1tica e acess\u00edvel. Com uma abordagem focada em conte\u00fado confi\u00e1vel, queremos que voc\u00ea fique&hellip; Continue reading Quem Somos\" \/>\n<meta property=\"og:url\" content=\"https:\/\/sorteioseamostrasgratis.com.br\/ar\/about\/\" \/>\n<meta property=\"og:site_name\" content=\"Sorteios Amostras Gratis\" \/>\n<meta property=\"article:modified_time\" content=\"2025-03-14T19:20:04+00:00\" \/>\n<meta name=\"twitter:card\" content=\"summary_large_image\" \/>\n<meta name=\"twitter:label1\" content=\"Est. reading time\" \/>\n\t<meta name=\"twitter:data1\" content=\"\u062f\u0642\u064a\u0642\u062a\u0627\u0646\" \/>\n<script type=\"application\/ld+json\" class=\"yoast-schema-graph\">{\"@context\":\"https:\/\/schema.org\",\"@graph\":[{\"@type\":\"WebPage\",\"@id\":\"https:\/\/sorteioseamostrasgratis.com.br\/about\/\",\"url\":\"https:\/\/sorteioseamostrasgratis.com.br\/about\/\",\"name\":\"Quem Somos - Sorteios Amostras Gratis\",\"isPartOf\":{\"@id\":\"https:\/\/sorteioseamostrasgratis.com.br\/#website\"},\"datePublished\":\"2024-10-30T23:05:44+00:00\",\"dateModified\":\"2025-03-14T19:20:04+00:00\",\"breadcrumb\":{\"@id\":\"https:\/\/sorteioseamostrasgratis.com.br\/about\/#breadcrumb\"},\"inLanguage\":\"ar\",\"potentialAction\":[{\"@type\":\"ReadAction\",\"target\":[\"https:\/\/sorteioseamostrasgratis.com.br\/about\/\"]}]},{\"@type\":\"BreadcrumbList\",\"@id\":\"https:\/\/sorteioseamostrasgratis.com.br\/about\/#breadcrumb\",\"itemListElement\":[{\"@type\":\"ListItem\",\"position\":1,\"name\":\"Home\",\"item\":\"https:\/\/sorteioseamostrasgratis.com.br\/\"},{\"@type\":\"ListItem\",\"position\":2,\"name\":\"Quem Somos\"}]},{\"@type\":\"WebSite\",\"@id\":\"https:\/\/sorteioseamostrasgratis.com.br\/#website\",\"url\":\"https:\/\/sorteioseamostrasgratis.com.br\/\",\"name\":\"Sorteios Amostras Gratis\",\"description\":\"\",\"potentialAction\":[{\"@type\":\"SearchAction\",\"target\":{\"@type\":\"EntryPoint\",\"urlTemplate\":\"https:\/\/sorteioseamostrasgratis.com.br\/?s={search_term_string}\"},\"query-input\":\"required name=search_term_string\"}],\"inLanguage\":\"ar\"}]}<\/script>\n<!-- \/ Yoast SEO plugin. -->","yoast_head_json":{"title":"Quem Somos - Sorteios Amostras Gratis","robots":{"index":"index","follow":"follow","max-snippet":"max-snippet:-1","max-image-preview":"max-image-preview:large","max-video-preview":"max-video-preview:-1"},"canonical":"https:\/\/sorteioseamostrasgratis.com.br\/ar\/about\/","og_locale":"ar_AR","og_type":"article","og_title":"Quem Somos - Sorteios Amostras Gratis","og_description":"O Sorteios e Amostras Gr\u00e1tis \u00e9 o portal para quem adora descobrir oportunidades sem gastar. Somos uma equipe apaixonada por ca\u00e7ar as melhores dicas de produtos gratuitos, aplicativos, sorteios e promo\u00e7\u00f5es de qualidade para que voc\u00ea possa experimentar novidades de maneira pr\u00e1tica e acess\u00edvel. Com uma abordagem focada em conte\u00fado confi\u00e1vel, queremos que voc\u00ea fique&hellip; Continue reading Quem Somos","og_url":"https:\/\/sorteioseamostrasgratis.com.br\/ar\/about\/","og_site_name":"Sorteios Amostras Gratis","article_modified_time":"2025-03-14T19:20:04+00:00","twitter_card":"summary_large_image","twitter_misc":{"Est. reading time":"\u062f\u0642\u064a\u0642\u062a\u0627\u0646"},"schema":{"@context":"https:\/\/schema.org","@graph":[{"@type":"WebPage","@id":"https:\/\/sorteioseamostrasgratis.com.br\/about\/","url":"https:\/\/sorteioseamostrasgratis.com.br\/about\/","name":"Quem Somos - Sorteios Amostras Gratis","isPartOf":{"@id":"https:\/\/sorteioseamostrasgratis.com.br\/#website"},"datePublished":"2024-10-30T23:05:44+00:00","dateModified":"2025-03-14T19:20:04+00:00","breadcrumb":{"@id":"https:\/\/sorteioseamostrasgratis.com.br\/about\/#breadcrumb"},"inLanguage":"ar","potentialAction":[{"@type":"ReadAction","target":["https:\/\/sorteioseamostrasgratis.com.br\/about\/"]}]},{"@type":"BreadcrumbList","@id":"https:\/\/sorteioseamostrasgratis.com.br\/about\/#breadcrumb","itemListElement":[{"@type":"ListItem","position":1,"name":"Home","item":"https:\/\/sorteioseamostrasgratis.com.br\/"},{"@type":"ListItem","position":2,"name":"Quem Somos"}]},{"@type":"WebSite","@id":"https:\/\/sorteioseamostrasgratis.com.br\/#website","url":"https:\/\/sorteioseamostrasgratis.com.br\/","name":"Sorteios Amostras Gratis","description":"","potentialAction":[{"@type":"SearchAction","target":{"@type":"EntryPoint","urlTemplate":"https:\/\/sorteioseamostrasgratis.com.br\/?s={search_term_string}"},"query-input":"required name=search_term_string"}],"inLanguage":"ar"}]}},"_links":{"self":[{"href":"https:\/\/sorteioseamostrasgratis.com.br\/ar\/wp-json\/wp\/v2\/pages\/3132"}],"collection":[{"href":"https:\/\/sorteioseamostrasgratis.com.br\/ar\/wp-json\/wp\/v2\/pages"}],"about":[{"href":"https:\/\/sorteioseamostrasgratis.com.br\/ar\/wp-json\/wp\/v2\/types\/page"}],"author":[{"embeddable":true,"href":"https:\/\/sorteioseamostrasgratis.com.br\/ar\/wp-json\/wp\/v2\/users\/3"}],"replies":[{"embeddable":true,"href":"https:\/\/sorteioseamostrasgratis.com.br\/ar\/wp-json\/wp\/v2\/comments?post=3132"}],"version-history":[{"count":2,"href":"https:\/\/sorteioseamostrasgratis.com.br\/ar\/wp-json\/wp\/v2\/pages\/3132\/revisions"}],"predecessor-version":[{"id":3637,"href":"https:\/\/sorteioseamostrasgratis.com.br\/ar\/wp-json\/wp\/v2\/pages\/3132\/revisions\/3637"}],"wp:attachment":[{"href":"https:\/\/sorteioseamostrasgratis.com.br\/ar\/wp-json\/wp\/v2\/media?parent=3132"}],"curies":[{"name":"wp","href":"https:\/\/api.w.org\/{rel}","templated":true}]}}